{"id":277803,"date":"2026-03-23T14:46:55","date_gmt":"2026-03-23T13:46:55","guid":{"rendered":"https:\/\/www.hetbalkonbankje.nl\/product\/banc-balcon-2e-choix-85x65x90-neuf-inutilise\/"},"modified":"2026-03-23T21:21:11","modified_gmt":"2026-03-23T20:21:11","slug":"banc-balcon-2e-choix-85x65x90-neuf-inutilise","status":"publish","type":"product","link":"https:\/\/www.hetbalkonbankje.nl\/fr\/produit\/banc-balcon-2e-choix-85x65x90-neuf-inutilise\/","title":{"rendered":"Banc de balcon 2e choix 85 x 65 x 90 cm \u2013 Neuf et inutilis\u00e9 \u2013 Pon\u00e7\u00e9 et l\u00e9ger jeu"},"content":{"rendered":"<h2><strong>Banc de balcon 2e choix 85 x 65 x 90 cm \u2013 Neuf et inutilis\u00e9 \u2013 Ponc\u00e9 et l\u00e9ger jeu \u2013 Forte remise<\/strong><\/h2>\n<p>Vous achetez chez nous un produit de 2e choix \u00e0 un prix avantageux. Bon pour votre portefeuille et meilleur pour l\u2019environnement. Vous b\u00e9n\u00e9ficiez bien entendu de la m\u00eame garantie que pour un produit neuf.<\/p>\n<p>Et soyons honn\u00eates : le bois vit. Avec le temps, votre banc de balcon prendra naturellement du caract\u00e8re \u00e0 l\u2019usage \u2014 petites taches, rayures et marques. Le bois va \u00e9galement griser naturellement. Alors pourquoi ne pas profiter imm\u00e9diatement d\u2019une belle remise ?<\/p>\n<p><strong>Bon \u00e0 savoir :<\/strong> ce banc de balcon est enti\u00e8rement neuf et inutilis\u00e9, et n\u2019a jamais \u00e9t\u00e9 chez un client.<\/p>\n<h3><strong>Quelles sont les imperfections ?<\/strong><\/h3>\n<ul>\n<li>Ponc\u00e9 en raison de l\u00e9g\u00e8res imperfections esth\u00e9tiques<\/li>\n<li>Le pied avant gauche est l\u00e9g\u00e8rement plus court, ce qui peut provoquer un l\u00e9ger jeu (facile \u00e0 corriger avec des patins r\u00e9glables ou des rondelles)<\/li>\n<li>Quelques petites bosses ou rayures par endroits<\/li>\n<\/ul>\n<h3><strong>Puis-je commander des coussins d\u2019assise et de dossier ?<\/strong><\/h3>\n<p>Compl\u00e9tez votre banc avec un confortable <strong><a href=\"https:\/\/www.hetbalkonbankje.nl\/fr\/produit\/coussin-de-banc-85-cm-55-cm\/\">coussin d\u2019assise<\/a><\/strong> et un <strong><a href=\"https:\/\/www.hetbalkonbankje.nl\/fr\/produit\/coussin-de-dossier-pour-banc-de-balcon-85-x-44-x-6\/\">coussin de dossier<\/a><\/strong> assorti.<\/p>\n<h3><strong>Associez avec un tabouret et cr\u00e9ez votre salon<\/strong><\/h3>\n<p>Ce banc de balcon avec espace de rangement se combine parfaitement avec un <strong><a href=\"https:\/\/www.hetbalkonbankje.nl\/fr\/produit\/hocker-de-balcon-avec-rangement-42-x-60-cm\/\">tabouret de 42,5 x 60 cm<\/a><\/strong> ou un <strong><a href=\"https:\/\/www.hetbalkonbankje.nl\/fr\/produit\/hocker-de-balcon-avec-rangement-42-x-42-cm\/\">42,5 x 42,5 cm<\/a><\/strong>.<\/p>\n<p>Les tabourets s\u2019adaptent parfaitement \u00e0 la largeur du banc et peuvent \u00eatre utilis\u00e9s comme repose-pieds, table d\u2019appoint ou si\u00e8ge suppl\u00e9mentaire. D\u2019autres <strong><a href=\"https:\/\/www.hetbalkonbankje.nl\/fr\/categorie-produit\/hocker-de-balcon\/\">tabourets de balcon<\/a><\/strong> s\u2019accordent \u00e9galement tr\u00e8s bien avec ce banc.<\/p>\n<h3><strong>Dimensions du banc de balcon<\/strong><\/h3>\n<ul>\n<li>Largeur : 85 cm<\/li>\n<li>Hauteur totale : 90 cm<\/li>\n<li>Hauteur d\u2019assise : 40 cm<\/li>\n<li>Hauteur du dossier : 50 cm<\/li>\n<li>Profondeur totale : 65 cm<\/li>\n<li>Profondeur d\u2019assise : 55 cm<\/li>\n<li>Largeur espace de rangement : 83 cm<\/li>\n<li>Hauteur espace de rangement : 27 cm<\/li>\n<li>Longueur espace de rangement : 58 cm<\/li>\n<\/ul>\n<h3><strong>Teck durable avec licence FLEGT<\/strong><\/h3>\n<p>Ce banc est fabriqu\u00e9 en teck de haute qualit\u00e9 provenant d\u2019Indon\u00e9sie et produit dans le cadre du syst\u00e8me de licence FLEGT. Cela garantit un bois issu de sources l\u00e9gales et contr\u00f4l\u00e9es.<\/p>\n<p>Gr\u00e2ce au syst\u00e8me indon\u00e9sien SVLK (Sistem Verifikasi Legalitas Kayu), toute la cha\u00eene \u2014 de la plantation au produit fini \u2014 est contr\u00f4l\u00e9e. Vous \u00eates ainsi assur\u00e9 d\u2019un produit durable et responsable.<\/p>\n<p>En savoir plus ? Consultez le <strong><a href=\"https:\/\/silk.phl.kehutanan.go.id\/index.php\/svlk\/files\/1\/information-data\" target=\"_blank\" rel=\"noopener\">Timber Legality Information System (SILK)<\/a><\/strong>.<\/p>\n<h3><strong>Entretien du teck<\/strong><\/h3>\n<p>Le teck est naturellement tr\u00e8s r\u00e9sistant aux intemp\u00e9ries et prendra une belle teinte grise apr\u00e8s 8 \u00e0 12 mois. Vous souhaitez conserver sa couleur d\u2019origine ? Traitez-le avec une huile protectrice avant utilisation.<\/p>\n<p>Nous recommandons <strong><a href=\"https:\/\/www.hetbalkonbankje.nl\/fr\/?attachment_id=247598#main\">Rubio Monocoat Hybrid Wood Protector<\/a><\/strong> ou <strong><a href=\"https:\/\/www.hetbalkonbankje.nl\/fr\/produit\/durogrit-la-meilleure-huile-pour-bois-dexterieur\/\">Rubio DuroGrit<\/a><\/strong>.<\/p>\n<p>Vous pouvez \u00e9galement peindre le banc dans une couleur couvrante pour un look moderne.<\/p>\n<h3><strong>Montage facile<\/strong><\/h3>\n<p>Le banc est facile \u00e0 monter et se compose de 7 pi\u00e8ces. Les 12 vis Allen en acier inoxydable fournies assurent un assemblage solide. Une cl\u00e9 Allen est incluse.<\/p>\n<h3><strong>Caract\u00e9ristiques principales<\/strong><\/h3>\n<ul>\n<li>Id\u00e9al pour petits et \u00e9troits balcons<\/li>\n<li>Bois dur r\u00e9sistant aux intemp\u00e9ries<\/li>\n<li>Avec espace de rangement pratique<\/li>\n<li>Montage facile<\/li>\n<li>Production durable (certifi\u00e9 FLEGT)<\/li>\n<li>Facile d\u2019entretien<\/li>\n<\/ul>\n","protected":false},"excerpt":{"rendered":"<p>Banc de balcon 2e choix neuf et inutilis\u00e9 avec remise. L\u00e9g\u00e8rement remis en \u00e9tat avec de petites imperfections, comme un l\u00e9ger jeu facile \u00e0 corriger. Teck durable, format compact et avec un espace de rangement pratique.<\/p>\n","protected":false},"featured_media":277780,"comment_status":"closed","ping_status":"closed","template":"","meta":{"inline_featured_image":false,"_joinchat":[]},"product_brand":[],"product_cat":[4001],"product_tag":[2625],"class_list":{"0":"post-277803","1":"product","2":"type-product","3":"status-publish","4":"has-post-thumbnail","6":"product_cat-2e-chance","7":"product_tag-2eme-chance","8":"product_shipping_class-bancs-de-balcon","10":"first","11":"instock","12":"sale","13":"taxable","14":"shipping-taxable","15":"purchasable","16":"product-type-simple"},"_links":{"self":[{"href":"https:\/\/www.hetbalkonbankje.nl\/fr\/wp-json\/wp\/v2\/product\/277803","targetHints":{"allow":["GET"]}}],"collection":[{"href":"https:\/\/www.hetbalkonbankje.nl\/fr\/wp-json\/wp\/v2\/product"}],"about":[{"href":"https:\/\/www.hetbalkonbankje.nl\/fr\/wp-json\/wp\/v2\/types\/product"}],"replies":[{"embeddable":true,"href":"https:\/\/www.hetbalkonbankje.nl\/fr\/wp-json\/wp\/v2\/comments?post=277803"}],"wp:featuredmedia":[{"embeddable":true,"href":"https:\/\/www.hetbalkonbankje.nl\/fr\/wp-json\/wp\/v2\/media\/277780"}],"wp:attachment":[{"href":"https:\/\/www.hetbalkonbankje.nl\/fr\/wp-json\/wp\/v2\/media?parent=277803"}],"wp:term":[{"taxonomy":"product_brand","embeddable":true,"href":"https:\/\/www.hetbalkonbankje.nl\/fr\/wp-json\/wp\/v2\/product_brand?post=277803"},{"taxonomy":"product_cat","embeddable":true,"href":"https:\/\/www.hetbalkonbankje.nl\/fr\/wp-json\/wp\/v2\/product_cat?post=277803"},{"taxonomy":"product_tag","embeddable":true,"href":"https:\/\/www.hetbalkonbankje.nl\/fr\/wp-json\/wp\/v2\/product_tag?post=277803"}],"curies":[{"name":"wp","href":"https:\/\/api.w.org\/{rel}","templated":true}]}}