{"id":246918,"date":"2021-04-26T14:58:44","date_gmt":"2021-04-26T12:58:44","guid":{"rendered":"https:\/\/www.hetbalkonbankje.nl\/product\/hocker-de-balcon-avec-rangement-40-x-40-cm\/"},"modified":"2026-04-02T10:46:48","modified_gmt":"2026-04-02T08:46:48","slug":"hocker-de-balcon-avec-rangement-40-x-40-cm","status":"publish","type":"product","link":"https:\/\/www.hetbalkonbankje.nl\/fr\/produit\/hocker-de-balcon-avec-rangement-40-x-40-cm\/","title":{"rendered":"Hocker de balcon avec rangement &#8211; 40 x 40 x 40 cm"},"content":{"rendered":"<h2 style=\"text-align: left;\"><strong>Plusieurs produits en un. Pouf, table d&rsquo;appoint de balcon et hocker de balcon avec rangement<\/strong><\/h2>\n<p>Ce hocker de balcon en teck avec rangement de 40 x 40 x 40 cm est parfaitement assorti au <strong><a href=\"https:\/\/www.hetbalkonbankje.nl\/fr\/produit\/banc-de-balcon-80-cm\/\">banc de balcon de 80 cm de large.<\/a><\/strong> La largeur du pouf est en fait exactement la moiti\u00e9 de la largeur de ce banc de balcon tr\u00e8s pratique. Bien entendu, le hocker peut \u00e9galement \u00eatre combin\u00e9, soit s\u00e9par\u00e9ment, soit avec d&rsquo;autres canap\u00e9s de balcon. En combinant le banc de balcon et le hocker de balcon, on obtient un ensemble modulaire de meubles de balcon qui peut \u00eatre combin\u00e9 de diverses mani\u00e8res.<\/p>\n<p><strong><a href=\"https:\/\/www.hetbalkonbankje.nl\/fr\/produit\/coussin-hocker-40-x-40-x-6-cm-couleurs-multiples\/\">Le coussin pour ce hocker<\/a><\/strong> est disponible dans notre boutique ici. Lorsque vous avez des visiteurs, le support de balcon peut \u00eatre utilis\u00e9 comme un si\u00e8ge de balcon suppl\u00e9mentaire. Utilisez le hocker de balcon comme une table d&rsquo;appoint pratique pour le balcon et placez-y de d\u00e9licieux en-cas et des boissons, par exemple. Vous pouvez aussi pousser le pouf contre le banc du balcon et l&rsquo;utiliser comme hocker.<\/p>\n<p>Jetez \u00e9galement un coup d&rsquo;\u0153il \u00e0 nos supports muraux pour plantes si vous souhaitez rendre le mur du balcon plus vert.<\/p>\n<p>Utilisez l&rsquo;espace de rangement pratique pour stocker les ustensiles de balcon qui tra\u00eenent. Que vous l&rsquo;utilisiez pour ranger le mat\u00e9riel de jardinage du balcon ou les jouets d&rsquo;ext\u00e9rieur des enfants, le hocker de balcon avec rangement permet d&rsquo;avoir un balcon bien rang\u00e9.<\/p>\n<p><a href=\"https:\/\/www.hetbalkonbankje.nl\/wp-content\/uploads\/2020\/02\/voetenbank-2.jpg\"><img loading=\"lazy\" decoding=\"async\" class=\"alignnone wp-image-246904\" src=\"https:\/\/www.hetbalkonbankje.nl\/wp-content\/uploads\/2020\/02\/voetenbank-2.jpg\" alt=\"Gebruik de houten hocker als voetenbank, bijzettafel en stoel!\" width=\"400\" height=\"400\" title=\"\" srcset=\"https:\/\/www.hetbalkonbankje.nl\/wp-content\/uploads\/2020\/02\/voetenbank-2.jpg 720w, https:\/\/www.hetbalkonbankje.nl\/wp-content\/uploads\/2020\/02\/voetenbank-2-400x400.png 400w, https:\/\/www.hetbalkonbankje.nl\/wp-content\/uploads\/2020\/02\/voetenbank-2-280x280.png 280w, https:\/\/www.hetbalkonbankje.nl\/wp-content\/uploads\/2020\/02\/voetenbank-2-247x247.jpg 247w, https:\/\/www.hetbalkonbankje.nl\/wp-content\/uploads\/2020\/02\/voetenbank-2-510x510.png 510w, https:\/\/www.hetbalkonbankje.nl\/wp-content\/uploads\/2020\/02\/voetenbank-2-100x100.png 100w, https:\/\/www.hetbalkonbankje.nl\/wp-content\/uploads\/2020\/02\/voetenbank-2-500x500.png 500w\" sizes=\"auto, (max-width: 400px) 100vw, 400px\" \/><\/a><\/p>\n<h3><strong>Quelles sont les dimensions exactes du hocker de balcon ?<\/strong><\/h3>\n<ul>\n<li>Largeur: 50 cm<\/li>\n<li>Profondeur: 60 cm<\/li>\n<li>Hauteur: 40 cm<\/li>\n<li>Largeur de rangement: 38 cm<\/li>\n<li>Hauteur de rangement: 27 cm<\/li>\n<li>Longueur de rangement: 38 cm<\/li>\n<\/ul>\n<h3><strong>De quel type de bois dur est fait le hocker de balcon en bois ?<\/strong><\/h3>\n<p>Le teck est le bois le plus appropri\u00e9 pour la fabrication de meubles d&rsquo;ext\u00e9rieur. Le teck reste beau et lisse. Le teck a une composition tr\u00e8s dense et huileuse qui laisse peu de chance \u00e0 la pourriture et aux moisissures. Le bois de teck dont est constitu\u00e9 le hocker de balcon provient de plantations de teck l\u00e9gales et a \u00e9t\u00e9 r\u00e9colt\u00e9 par un producteur disposant d&rsquo;une licence FLEGT valide.<\/p>\n<p>FLEGT est l&rsquo;acronyme de Forest Law Enforcement, Governance and Trade (application des r\u00e9glementations foresti\u00e8res, gouvernance et \u00e9changes commerciaux). Le plan d&rsquo;action FLEGT de l&rsquo;UE a \u00e9t\u00e9 \u00e9tabli en 2003. Il vise \u00e0 r\u00e9duire l&rsquo;exploitation ill\u00e9gale des for\u00eats en renfor\u00e7ant la gestion durable et l\u00e9gale des for\u00eats, en am\u00e9liorant la gouvernance et en promouvant le commerce du bois produit l\u00e9galement.<\/p>\n<p>Les pays du monde entier agissent pour lutter contre l&rsquo;exploitation ill\u00e9gale des for\u00eats et promouvoir la bonne gouvernance foresti\u00e8re. <strong><a href=\"https:\/\/www.euflegt.efi.int\/home\" target=\"_blank\" rel=\"noopener\">Sur ce site de l&rsquo;UE, vous pouvez en savoir plus sur les approches adopt\u00e9es par les pays, ainsi que sur les initiatives qui d\u00e9passent les fronti\u00e8res nationales.<\/a><\/strong><\/p>\n<h3><strong>Comment traiter le teck ?<\/strong><\/h3>\n<p>Le teck est par nature extr\u00eamement r\u00e9sistant aux intemp\u00e9ries et prend une couleur gris platine au bout de 8 \u00e0 12 mois environ. Nous recommandons toujours de traiter nos meubles en teck avec un produit d&rsquo;\u00e9tanch\u00e9it\u00e9, une teinture ou un rev\u00eatement de haute qualit\u00e9 pour teck avant d&rsquo;assembler le hocker. De cette fa\u00e7on, nous garantissons la meilleure protection contre les \u00e9l\u00e9ments comme le soleil et la pluie. Il est pr\u00e9f\u00e9rable d&rsquo;utiliser un rev\u00eatement mat transparent pour mieux conserver la couleur. Appliquez-le toujours sur la face inf\u00e9rieure \u00e0 titre d&rsquo;essai avant de traiter l&rsquo;ensemble du produit. Cela \u00e9vite qu&rsquo;un \u00e9ventuel effet de couleur ind\u00e9sirable ne soit visible que sur la face inf\u00e9rieure. Nous recommandons le protecteur de <strong><a href=\"https:\/\/www.hetbalkonbankje.nl\/fr\/?attachment_id=247598#main\">Rubio Monocoat Hybrid Wood Protector<\/a><\/strong> ou le <strong><a href=\"https:\/\/www.hetbalkonbankje.nl\/fr\/produit\/teak-wonder-teak-sealer-protection-du-teck\/\">Teak Sealer de Teak Wonder.<\/a><\/strong><\/p>\n<h3><strong>Le hocker de balcon est-il facile \u00e0 assembler ?<\/strong><\/h3>\n<p>Le hocker de balcon est livr\u00e9 d\u00e9mont\u00e9 dans une bo\u00eete solide et est donc facile Le hocker se compose de 6 pi\u00e8ces distinctes et est assembl\u00e9 des deux c\u00f4t\u00e9s avec 8 boulons \u00e0 t\u00eate creuse en acier inoxydable pour former une unit\u00e9 robuste et solide. Une cl\u00e9 Allen est incluse.<\/p>\n<h3><strong>Vendez-vous \u00e9galement un coussin assorti ?<\/strong><\/h3>\n<p>Oui, <strong><a href=\"https:\/\/www.hetbalkonbankje.nl\/fr\/produit\/coussin-hocker-40-x-40-x-6-cm-couleurs-multiples\/\">cherchez ici le coussin hocker 40 x 40 cm.<\/a><\/strong><\/p>\n<h3><strong>Multifonctionnel<\/strong><\/h3>\n<ul>\n<li>\u00c0 utiliser comme table de balcon en bois<\/li>\n<li>\u00c0 utiliser comme chaise de balcon en bois<\/li>\n<li>\u00c0 utiliser comme pouf en bois<\/li>\n<li>Beaucoup d&rsquo;espace de rangement pour toutes sortes d&rsquo;\u00e9quipements de balcon<\/li>\n<li>S&rsquo;adapte \u00e0 la plupart des balcons<\/li>\n<li>R\u00e9sistant aux intemp\u00e9ries<\/li>\n<li>Facile \u00e0 assembler<\/li>\n<li>FLEGT<\/li>\n<li>Facile \u00e0 entretenir<\/li>\n<\/ul>\n","protected":false},"excerpt":{"rendered":"<p>Le hocker de balcon en bois avec espace de rangement peut \u00eatre parfaitement combin\u00e9 avec le <strong><a href=\"https:\/\/www.hetbalkonbankje.nl\/fr\/produit\/banc-de-balcon-80-cm\/\">banc de balcon de 80 cm de large.<\/a><\/strong> Le pouf est multifonctionnel et peut \u00eatre utilis\u00e9 comme un pouf, une table d&rsquo;appoint et une chaise.<\/p>\n","protected":false},"featured_media":268842,"comment_status":"open","ping_status":"closed","template":"","meta":{"inline_featured_image":false,"_joinchat":[]},"product_brand":[],"product_cat":[1487],"product_tag":[1507],"class_list":{"0":"post-246918","1":"product","2":"type-product","3":"status-publish","4":"has-post-thumbnail","6":"product_cat-hocker-de-balcon","7":"product_tag-hocker-de-balcon-fr","8":"product_shipping_class-hocker-fr","10":"first","11":"instock","12":"taxable","13":"shipping-taxable","14":"purchasable","15":"product-type-simple"},"_links":{"self":[{"href":"https:\/\/www.hetbalkonbankje.nl\/fr\/wp-json\/wp\/v2\/product\/246918","targetHints":{"allow":["GET"]}}],"collection":[{"href":"https:\/\/www.hetbalkonbankje.nl\/fr\/wp-json\/wp\/v2\/product"}],"about":[{"href":"https:\/\/www.hetbalkonbankje.nl\/fr\/wp-json\/wp\/v2\/types\/product"}],"replies":[{"embeddable":true,"href":"https:\/\/www.hetbalkonbankje.nl\/fr\/wp-json\/wp\/v2\/comments?post=246918"}],"wp:featuredmedia":[{"embeddable":true,"href":"https:\/\/www.hetbalkonbankje.nl\/fr\/wp-json\/wp\/v2\/media\/268842"}],"wp:attachment":[{"href":"https:\/\/www.hetbalkonbankje.nl\/fr\/wp-json\/wp\/v2\/media?parent=246918"}],"wp:term":[{"taxonomy":"product_brand","embeddable":true,"href":"https:\/\/www.hetbalkonbankje.nl\/fr\/wp-json\/wp\/v2\/product_brand?post=246918"},{"taxonomy":"product_cat","embeddable":true,"href":"https:\/\/www.hetbalkonbankje.nl\/fr\/wp-json\/wp\/v2\/product_cat?post=246918"},{"taxonomy":"product_tag","embeddable":true,"href":"https:\/\/www.hetbalkonbankje.nl\/fr\/wp-json\/wp\/v2\/product_tag?post=246918"}],"curies":[{"name":"wp","href":"https:\/\/api.w.org\/{rel}","templated":true}]}}