{"id":246828,"date":"2021-03-10T15:41:13","date_gmt":"2021-03-10T14:41:13","guid":{"rendered":"https:\/\/www.hetbalkonbankje.nl\/product\/grand-banc-de-balcon-120-cm\/"},"modified":"2026-03-02T06:27:51","modified_gmt":"2026-03-02T05:27:51","slug":"grand-banc-de-balcon-120-cm","status":"publish","type":"product","link":"https:\/\/www.hetbalkonbankje.nl\/fr\/produit\/grand-banc-de-balcon-120-cm\/","title":{"rendered":"Grand banc de balcon &#8211; 120 x 90 x 90 cm"},"content":{"rendered":"<h2 style=\"text-align: left;\"><strong>Grand banc de balcon en teck avec rangement &#8211; 120 x 90 x 90 cm<\/strong><\/h2>\n<p>Le grand canap\u00e9 du balcon de 120 cm de large a une profondeur d&rsquo;assise de 80 cm. Ce grand canap\u00e9 de salon pour balcon est disponible en 4 largeurs. Nous avons \u00e9galement des canap\u00e9s de balcon plus petits en 4 largeurs diff\u00e9rentes. La grande banquette du balcon vous permet de vous asseoir plus en arri\u00e8re pour une relaxation maximale.<\/p>\n<p>Ce grand banc de balcon est fabriqu\u00e9 en teck de plantation qui est extr\u00eamement r\u00e9sistant \u00e0 la pluie, au vent et au soleil. Si vous ne traitez pas le banc du grand balcon, il deviendra compl\u00e8tement gris platine sous l&rsquo;effet des intemp\u00e9ries en 8 \u00e0 12 mois environ. Il s&rsquo;agit d&rsquo;un effet naturel et inoffensif. Pour le traitement du teck, nous recommandons Rubio Monocoat Hybrid Wood Protector ou Teak Wonder Teak Sealer. Cela permettra au bois de rester sain et de conserver sa couleur.<\/p>\n<p>Le grand banc de balcon est facile \u00e0 assembler et est tr\u00e8s robuste gr\u00e2ce \u00e0 sa construction solide. Pour rendre votre balcon encore plus accueillant, vous pouvez combiner le banc de balcon avec <a href=\"https:\/\/www.hetbalkonbankje.nl\/fr\/produit\/grand-coussin-de-banc-de-balcon-120-x-80-x-cm\/\"><strong>un coussin de balcon<\/strong>,<\/a> un joli <strong><a href=\"https:\/\/www.hetbalkonbankje.nl\/fr\/categorie-produit\/tapis-de-balcon\/\">tapis d&rsquo;ext\u00e9rieur<\/a><\/strong>, des <strong><a href=\"https:\/\/www.hetbalkonbankje.nl\/fr\/produit\/cordon-lumineux-solaire-party-clear-solar-de-lumisky\/\">lampes de balcon<\/a><\/strong> confortables ou un <strong><a href=\"https:\/\/www.hetbalkonbankje.nl\/fr\/categorie-produit\/hocker-de-balcon\/\">hocker de balcon<\/a><\/strong>. Jetez \u00e9galement un coup d&rsquo;\u0153il \u00e0 nos <strong><a href=\"https:\/\/www.hetbalkonbankje.nl\/fr\/categorie-produit\/supports-muraux-pour-plantes\/\">supports muraux pour plantes<\/a><\/strong> si vous souhaitez rendre le mur du balcon plus vert<\/p>\n<p>Vous recherchez un banc de balcon plus large, plus \u00e9troit ou moins profond ? Consultez ensuite nos autres bancs de balcon :<\/p>\n<ul>\n<li><strong><a href=\"https:\/\/www.hetbalkonbankje.nl\/fr\/produit\/banc-de-balcon-80-cm\/\">Banc de balcon de 80 cm de large<\/a><\/strong><\/li>\n<li><strong><a href=\"https:\/\/www.hetbalkonbankje.nl\/fr\/produit\/banc-de-balcon-largeur-85-cm\/\">Banc de balcon de 85 cm de large<\/a><\/strong><\/li>\n<li><a href=\"https:\/\/www.hetbalkonbankje.nl\/fr\/produit\/banc-de-balcon-100-cm\/\"><strong>Banc de balcon de 100 cm de large<\/strong><\/a><\/li>\n<li><a href=\"https:\/\/www.hetbalkonbankje.nl\/fr\/produit\/banc-de-balcon-120-cm\/\"><strong>Banc de balcon de 120 cm de large<\/strong><\/a><\/li>\n<li><strong><a href=\"https:\/\/www.hetbalkonbankje.nl\/fr\/produit\/grand-banc-de-balcon-80-cm\/\">Grand banc de balcon de 80 cm de large<\/a><\/strong><\/li>\n<li><strong><a href=\"https:\/\/www.hetbalkonbankje.nl\/fr\/produit\/grand-banc-de-balcon-85-cm\/\">Grand banc de balcon de 85 cm de large<\/a><\/strong><\/li>\n<li><strong><a href=\"https:\/\/www.hetbalkonbankje.nl\/fr\/produit\/grand-banc-de-balcon-100-cm\/\">Grand banc de balcon de 100 cm de large<\/a><\/strong><\/li>\n<\/ul>\n<h3><strong>Vous souhaitez faire fabriquer un grand banc de balcon sur mesure ?<\/strong><\/h3>\n<p>Nous r\u00e9alisons \u00e9galement des projets sur mesure pour les cas o\u00f9 votre banc de balcon doit \u00eatre parfaitement adapt\u00e9. Bien entendu, nous r\u00e9alisons toutes sortes de <strong><a href=\"https:\/\/www.hetbalkonbankje.nl\/fr\/meubles-de-balcon-sur-mesure\/\">meubles de balcon sur mesure<\/a><\/strong>. Consultez cette page pour plus d&rsquo;informations ou <a href=\"https:\/\/www.hetbalkonbankje.nl\/fr\/contact\/\"><strong>contactez-nous directement<\/strong><\/a>.<\/p>\n<h3><strong>Quelles sont les dimensions exactes du grand banc de balcon de 120 cm de large ?<\/strong><\/h3>\n<ul>\n<li>Largeur: 120 cm<\/li>\n<li>Hauteur totale: 90 cm<\/li>\n<li>Hauteur de l&rsquo;assise: 40 cm<\/li>\n<li>Hauteur du dossier: 50 cm<\/li>\n<li>Profondeur totale (dossier compris): 90 cm<\/li>\n<li>Profondeur de l&rsquo;assise: 80 cm<\/li>\n<li>Largeur de l&rsquo;espace de rangement: 118 cm<\/li>\n<li>Hauteur de rangement: 27 cm<\/li>\n<li>Longueur de l&rsquo;espace de rangement: 78 cm<\/li>\n<\/ul>\n<h3><strong>En quel type de bois dur le grand banc de balcon est-il fabriqu\u00e9 ?<\/strong><\/h3>\n<p>Nos canap\u00e9s de balcon sont en teck. Le teck est le meilleur bois pour la fabrication de meubles d&rsquo;ext\u00e9rieur. Le teck utilis\u00e9 dans la production du grand banc de balcon de 120 cm de large provient de plantations de teck l\u00e9gales et a \u00e9t\u00e9 r\u00e9colt\u00e9 par un producteur disposant d&rsquo;une licence FLEGT valide. FLEGT signifie \u00ab\u00a0Forest Law Enforcement, Governance and Trade\u00a0\u00bb. Le plan d&rsquo;action FLEGT de l&rsquo;UE a \u00e9t\u00e9 \u00e9tabli en 2003. Il vise \u00e0 r\u00e9duire l&rsquo;exploitation ill\u00e9gale des for\u00eats en renfor\u00e7ant la gestion durable et l\u00e9gale des for\u00eats, en am\u00e9liorant la gouvernance et en promouvant le commerce du bois produit l\u00e9galement. Les pays du monde entier agissent pour lutter contre l&rsquo;exploitation ill\u00e9gale des for\u00eats et promouvoir la bonne gouvernance foresti\u00e8re. <strong><a href=\"https:\/\/www.euflegt.efi.int\/home\" target=\"_blank\" rel=\"noopener\">Sur le site web FLEGT de l&rsquo;EUF, vous trouverez des informations sur les approches adopt\u00e9es par les pays, ainsi que sur les initiatives qui d\u00e9passent les fronti\u00e8res nationales.<\/a><\/strong><\/p>\n<h3><strong>Comment entretenir le grand banc de balcon ?<\/strong><\/h3>\n<p>Le teck est par nature extr\u00eamement r\u00e9sistant aux intemp\u00e9ries et prend une teinte gris platine en 8 \u00e0 12 mois environ sous l&rsquo;effet des intemp\u00e9ries. Nous recommandons toujours de traiter nos meubles en teck avec un produit d&rsquo;\u00e9tanch\u00e9it\u00e9 ou une teinture pour teck de haute qualit\u00e9 avant d&rsquo;assembler le banc. De cette fa\u00e7on, nous garantissons la meilleure protection contre les \u00e9l\u00e9ments tels que le soleil et la pluie. Il est pr\u00e9f\u00e9rable d&rsquo;utiliser un rev\u00eatement mat transparent pour mieux conserver la couleur. Appliquez-le toujours sur la face inf\u00e9rieure \u00e0 titre d&rsquo;essai avant de traiter l&rsquo;ensemble du produit. Cela permet d&rsquo;\u00e9viter un \u00e9ventuel effet de couleur ind\u00e9sirable. Nous recommandons <strong><a href=\"https:\/\/www.hetbalkonbankje.nl\/fr\/?attachment_id=247598#main\">Rubio Monocoat Hybrid Wood Protector<\/a><\/strong> ou le <strong><a href=\"https:\/\/www.hetbalkonbankje.nl\/fr\/?attachment_id=247598#main\">Teak Sealer de Teak Wonder<\/a><\/strong>.<\/p>\n<h3><strong>Le grand banc de balcon est-il facile \u00e0 assembler ?<\/strong><\/h3>\n<p>Le banc est livr\u00e9 d\u00e9mont\u00e9 dans une bo\u00eete en carton solide sur une palette. Le banc est facile \u00e0 assembler. Le banc se compose de 7 pi\u00e8ces distinctes et est mont\u00e9 des deux c\u00f4t\u00e9s avec 12 boulons \u00e0 t\u00eate creuse en acier inoxydable pour former un ensemble robuste et solide. Une cl\u00e9 Allen est incluse. Vous pouvez \u00e9galement visionner la vid\u00e9o de montage du banc de balcon standard avec espace de rangement. Le principe est le m\u00eame. Regardez la vid\u00e9o d&rsquo;instruction de montage sur YouTube ci-dessous.<\/p>\n<p><iframe loading=\"lazy\" title=\"Het Balkonbankje - Een teak balkon bank met opbergruimte\" width=\"1020\" height=\"574\" src=\"https:\/\/www.youtube.com\/embed\/hi6Hb0HYTJI?feature=oembed\" frameborder=\"0\" allow=\"accelerometer; autoplay; clipboard-write; encrypted-media; gyroscope; picture-in-picture; web-share\" referrerpolicy=\"strict-origin-when-cross-origin\" allowfullscreen><\/iframe><\/p>\n<h3><strong>Des coussins sont-ils fournis ?<\/strong><\/h3>\n<p>Nous ne fournissons pas de coussins avec le banc de balcon en standard. <strong><a href=\"https:\/\/www.hetbalkonbankje.nl\/fr\/produit\/grand-coussin-de-banc-de-balcon-120-x-80-x-cm\/\">Regardez ici pour les grands coussins de banc de balcon de 120 cm de large.<\/a><\/strong><\/p>\n<h3><strong>Avantages du canap\u00e9-lounge pour balcon<\/strong><\/h3>\n<ul>\n<li>Id\u00e9al pour les balcons petits et \u00e9troits<\/li>\n<li>Si\u00e8ge extra profond<\/li>\n<li>R\u00e9sistant aux intemp\u00e9ries<\/li>\n<li>Facile \u00e0 assembler<\/li>\n<li>Feuillus avec autorisation FLEGT<\/li>\n<li>Facile \u00e0 entretenir<\/li>\n<li>Beaucoup d&rsquo;espace de rangement<\/li>\n<\/ul>\n<p><script type=\"application\/ld+json\">\n{\n  \"@context\": \"https:\/\/schema.org\",\n  \"@type\": \"VideoObject\",\n  \"name\": \"Balkonbank met opbergruimte van 100 cm breed\",\n  \"description\": \"Bekijk hier een instructievideo van het balkonbankje van 100 cm breed. Het Balkonbankje is een teakhouten balkon bank met opbergruimte geschikt voor smalle en kleine balkons. Deze handige houten balkonbank met opbergruimte is verkrijgbaar in verschillende maten, te weten 80 cm breed, 85 cm breed, 100 cm breed en 120 cm breed. Ook zijn er diepere maten. Verder doen we ook maatwerk.\",\n  \"thumbnailUrl\": \"https:\/\/i9.ytimg.com\/vi\/hi6Hb0HYTJI\/mq1.jpg?sqp=CKjB6oAG&rs=AOn4CLAHBo_M5QvLh8WppzccnueI6q6O3g\",\n  \"uploadDate\": \"2020-02-19\",\n  \"duration\": \"PT3M23S\",  \n  \"publisher\": {\n    \"@type\": \"Organization\",\n    \"name\": \"Het Balkonbankje\",\n    \"logo\": {\n      \"@type\": \"ImageObject\",\n      \"url\": \"https:\/\/www.hetbalkonbankje.nl\/wp-content\/uploads\/2021\/02\/Het-Balkon-Bankje-logo-klein-e1612360327359.jpg\",\n      \"width\": 88,\n      \"height\": 59\n    }\n  },\n  \"contentUrl\": \"https:\/\/www.youtube.com\/watch?v=hi6Hb0HYTJI\"\n}\n<\/script><\/p>\n","protected":false},"excerpt":{"rendered":"<p>Le grand banc de balcon de 120 cm de large est id\u00e9al pour les balcons plus larges et plus profonds. Il y a beaucoup d&rsquo;espace suppl\u00e9mentaire pour s&rsquo;asseoir \u00e0 l&rsquo;arri\u00e8re. Ce banc de balcon extra-large dispose \u00e9galement de nombreux espaces de rangement pour toutes sortes d&rsquo;ustensiles de balcon.<\/p>\n","protected":false},"featured_media":246868,"comment_status":"open","ping_status":"closed","template":"","meta":{"inline_featured_image":false,"_joinchat":[]},"product_brand":[4559],"product_cat":[1461,1740],"product_tag":[1495,1872,1913],"class_list":{"0":"post-246828","1":"product","2":"type-product","3":"status-publish","4":"has-post-thumbnail","6":"product_brand-balkonbank","7":"product_cat-bancs-de-balkon","8":"product_cat-grands-bancs-de-balcon","9":"product_tag-banc-de-balcon","10":"product_tag-banc-de-salon-pour-balcon","11":"product_tag-banc-de-salon-pour-balcon-fr","12":"product_shipping_class-chaises-longues-de-balcon","14":"first","15":"instock","16":"downloadable","17":"taxable","18":"shipping-taxable","19":"purchasable","20":"product-type-simple"},"_links":{"self":[{"href":"https:\/\/www.hetbalkonbankje.nl\/fr\/wp-json\/wp\/v2\/product\/246828","targetHints":{"allow":["GET"]}}],"collection":[{"href":"https:\/\/www.hetbalkonbankje.nl\/fr\/wp-json\/wp\/v2\/product"}],"about":[{"href":"https:\/\/www.hetbalkonbankje.nl\/fr\/wp-json\/wp\/v2\/types\/product"}],"replies":[{"embeddable":true,"href":"https:\/\/www.hetbalkonbankje.nl\/fr\/wp-json\/wp\/v2\/comments?post=246828"}],"wp:featuredmedia":[{"embeddable":true,"href":"https:\/\/www.hetbalkonbankje.nl\/fr\/wp-json\/wp\/v2\/media\/246868"}],"wp:attachment":[{"href":"https:\/\/www.hetbalkonbankje.nl\/fr\/wp-json\/wp\/v2\/media?parent=246828"}],"wp:term":[{"taxonomy":"product_brand","embeddable":true,"href":"https:\/\/www.hetbalkonbankje.nl\/fr\/wp-json\/wp\/v2\/product_brand?post=246828"},{"taxonomy":"product_cat","embeddable":true,"href":"https:\/\/www.hetbalkonbankje.nl\/fr\/wp-json\/wp\/v2\/product_cat?post=246828"},{"taxonomy":"product_tag","embeddable":true,"href":"https:\/\/www.hetbalkonbankje.nl\/fr\/wp-json\/wp\/v2\/product_tag?post=246828"}],"curies":[{"name":"wp","href":"https:\/\/api.w.org\/{rel}","templated":true}]}}