{"id":263062,"date":"2023-08-07T16:18:17","date_gmt":"2023-08-07T14:18:17","guid":{"rendered":"https:\/\/www.hetbalkonbankje.nl\/product\/caja-de-cultivo-de-madera-con-patas-alerce\/"},"modified":"2024-07-24T16:48:28","modified_gmt":"2024-07-24T14:48:28","slug":"caja-de-cultivo-de-madera-con-patas-alerce","status":"publish","type":"product","link":"https:\/\/www.hetbalkonbankje.nl\/es\/producto\/caja-de-cultivo-de-madera-con-patas-alerce\/","title":{"rendered":"Caja de cultivo de madera con patas. Hecha de madera de alerce sostenible &#8211; 80 x 40 x 83 (alto)."},"content":{"rendered":"<h2><strong>Macetero de madera elevado. Hecho de madera de alerce sostenible &#8211; 80 x 40 x 83 (h)<\/strong><\/h2>\n<p>Esta maceta de cultivo de madera s\u00faper ecol\u00f3gica est\u00e1 hecha de madera de alerce sostenible proveniente de plantaciones forestales europeas bien cuidadas.<\/p>\n<ul>\n<li>Un revestimiento sostenible y un tubo de drenaje garantizan una larga vida \u00fatil y permiten que tus plantas, hierbas y verduras crezcan bien.<\/li>\n<li>Embalaje ecol\u00f3gico. Gracias al embalaje innovador, apenas queda residuo. La maceta de cultivo se empaqueta de forma compacta en piezas en una caja soluble que se disuelve en la tierra. El paquete mide 80 cm de longitud y pesa aproximadamente 6 kg.<\/li>\n<\/ul>\n<h3><strong>Dimensiones y capacidad del macetero de madera elevado<\/strong><\/h3>\n<ul>\n<li>Ancho: 80 cm<\/li>\n<li>Profundidad: 40 cm<\/li>\n<li>Altura: 83 cm<\/li>\n<li>Capacidad: 50 litros de tierra para macetas<\/li>\n<\/ul>\n","protected":false},"excerpt":{"rendered":"\n<p>Esta pr\u00e1ctica maceta de cultivo elevada, con una anchura de 80 cm, est\u00e1 hecha de duradera madera de alerce de forma natural. Gracias a sus dimensiones compactas, la maceta de cultivo de madera se puede colocar f\u00e1cilmente en el balc\u00f3n o en la terraza. En este encantador jard\u00edn, las verduras y hierbas crecen r\u00e1pidamente, haciendo que sembrar, plantar y desmalezar requiera poco esfuerzo. Otra gran ventaja es que ya no es necesario agacharse al jardinear.<\/p>\n","protected":false},"featured_media":260034,"comment_status":"open","ping_status":"closed","template":"","meta":{"inline_featured_image":false,"_joinchat":[]},"product_brand":[],"product_cat":[1849,1855],"product_tag":[1889,1910],"class_list":{"0":"post-263062","1":"product","2":"type-product","3":"status-publish","4":"has-post-thumbnail","6":"product_cat-jardin-en-el-balcon","7":"product_cat-mesas-de-cultivo-y-jardineras","8":"product_tag-jardin-del-balcon","9":"product_tag-propagador","10":"product_shipping_class-jagram-klein-es","12":"first","13":"instock","14":"downloadable","15":"taxable","16":"shipping-taxable","17":"purchasable","18":"product-type-simple"},"_links":{"self":[{"href":"https:\/\/www.hetbalkonbankje.nl\/es\/wp-json\/wp\/v2\/product\/263062","targetHints":{"allow":["GET"]}}],"collection":[{"href":"https:\/\/www.hetbalkonbankje.nl\/es\/wp-json\/wp\/v2\/product"}],"about":[{"href":"https:\/\/www.hetbalkonbankje.nl\/es\/wp-json\/wp\/v2\/types\/product"}],"replies":[{"embeddable":true,"href":"https:\/\/www.hetbalkonbankje.nl\/es\/wp-json\/wp\/v2\/comments?post=263062"}],"wp:featuredmedia":[{"embeddable":true,"href":"https:\/\/www.hetbalkonbankje.nl\/es\/wp-json\/wp\/v2\/media\/260034"}],"wp:attachment":[{"href":"https:\/\/www.hetbalkonbankje.nl\/es\/wp-json\/wp\/v2\/media?parent=263062"}],"wp:term":[{"taxonomy":"product_brand","embeddable":true,"href":"https:\/\/www.hetbalkonbankje.nl\/es\/wp-json\/wp\/v2\/product_brand?post=263062"},{"taxonomy":"product_cat","embeddable":true,"href":"https:\/\/www.hetbalkonbankje.nl\/es\/wp-json\/wp\/v2\/product_cat?post=263062"},{"taxonomy":"product_tag","embeddable":true,"href":"https:\/\/www.hetbalkonbankje.nl\/es\/wp-json\/wp\/v2\/product_tag?post=263062"}],"curies":[{"name":"wp","href":"https:\/\/api.w.org\/{rel}","templated":true}]}}