{"id":262925,"date":"2023-11-15T16:55:22","date_gmt":"2023-11-15T15:55:22","guid":{"rendered":"https:\/\/www.hetbalkonbankje.nl\/?post_type=product&#038;p=262925"},"modified":"2026-04-02T10:27:39","modified_gmt":"2026-04-02T08:27:39","slug":"balkon-loungeset-80-cm-40-x-40-cm","status":"publish","type":"product","link":"https:\/\/www.hetbalkonbankje.nl\/de\/produkt\/balkon-loungeset-80-cm-40-x-40-cm\/","title":{"rendered":"Balkon Loungeset &#8211; Balkonbank 80 cm + Balkonhocker 40 x 40 cm"},"content":{"rendered":"<h2 style=\"text-align: left;\">Teak Balkon Loungeset f\u00fcr zwei &#8211; 80 cm breite Balkonbank + 40 x 40 cm Balkonhocker<\/h2>\n<p>Dieses Teak Balkon Loungeset f\u00fcr zwei Personen besteht aus der <strong><a href=\"https:\/\/www.hetbalkonbankje.nl\/de\/produkt\/balkonbank-mit-stauraum-80-cm\/\">80 cm breiten Balkonbank<\/a><\/strong> und dem <strong><a href=\"https:\/\/www.hetbalkonbankje.nl\/de\/produkt\/balkonhocker-mit-stauraum-40-cm\/\">40 x 40 x 40 cm gro\u00dfen Balkonhocker<\/a><\/strong>. Die Balkonbank und der Balkonhocker bieten reichlich Stauraum f\u00fcr allerlei Dinge, die auf dem Balkon ben\u00f6tigt werden.<\/p>\n<h2>Das Balkon Loungeset f\u00fcr zwei Personen l\u00e4sst sich auf vielf\u00e4ltige Weise kombinieren<\/h2>\n<p>Die 80 cm breite Balkonbank bietet Platz f\u00fcr zwei Personen. Wenn Sie den kleine Balkonhocker vor oder neben die Balkonbank stellen, ist Platz f\u00fcr drei Personen. Der Balkonhocker kann auch als Balkonbeistelltisch und Fu\u00dfst\u00fctze verwendet werden.<\/p>\n<h2>Alternative Balkon Loungesets<\/h2>\n<p>Wenn Sie eine zus\u00e4tzliche Fu\u00dfst\u00fctze f\u00fcr zwei Personen schaffen m\u00f6chten, k\u00f6nnen Sie die 80 cm breite Balkonbank auch mit dem <strong><a href=\"https:\/\/www.hetbalkonbankje.nl\/de\/produkt\/balkontruhe-80-x-60-x-40-cm\/\">80 cm breiten Balkontruhe<\/a><\/strong> kombinieren. Dadurch erhalten Sie eine Fu\u00dfst\u00fctze und einen Balkontisch f\u00fcr zwei Personen \u00fcber die gesamte Breite. Wenn Sie gen\u00fcgend Platz haben, k\u00f6nnen Sie auch eine l\u00e4ngere Balkonbank bauen, indem Sie den Balkontruhe an die Seite der Balkonbank schieben.<\/p>\n<p>Eine weitere Option ist die Kombination des tieferen <strong><a href=\"https:\/\/www.hetbalkonbankje.nl\/de\/produkt\/balkon-loungebank-von-80-cm-breit\/\">80 cm breiten Balkon Loungebank<\/a><\/strong> mit einem <strong><a href=\"https:\/\/www.hetbalkonbankje.nl\/de\/produkt-kategorien\/balkonhocker\/\">Balkonhocker<\/a><\/strong> oder einer <strong><a href=\"https:\/\/www.hetbalkonbankje.nl\/de\/produkt-kategorien\/balkontruhen\/\">Balkontruhe<\/a><\/strong> Ihrer Wahl f\u00fcr zus\u00e4tzliche Sitztiefe. Oder \u00fcberlegen Sie sich ein kleineres Balkonset mit einer Balkonbank und einem kleineren Balkonhocker Ihrer Wahl. Sie haben die Wahl, wir haben f\u00fcr jeden Balkon eine Balkonm\u00f6bel-L\u00f6sung.<\/p>\n<p>Schauen Sie sich auch unsere <strong><a href=\"https:\/\/www.hetbalkonbankje.nl\/de\/produkt-kategorien\/pflanzen-wandregale\/\">Pflanzen-Wandregale<\/a><\/strong> an, wenn Sie die Balkonwand mit Pflanzgef\u00e4\u00dfen dekorieren m\u00f6chten.<\/p>\n<h2><strong>Wie sind die genauen Abmessungen des Balkon Loungesets?<\/strong><\/h2>\n<h3>Abmessungen der 80 cm breiten Balkonbank<\/h3>\n<ul>\n<li>Breite: 80 cm<\/li>\n<li>Gesamth\u00f6he: 90 cm<\/li>\n<li>Sitzh\u00f6he: 40 cm<\/li>\n<li>H\u00f6he der R\u00fcckenlehne: 50 cm<\/li>\n<li>Tiefe ohne R\u00fcckenlehne: 60 cm<\/li>\n<li>Tiefe mit R\u00fcckenlehne: 65 cm<\/li>\n<li>Sitztiefe: 55 cm<\/li>\n<li>Stauraumbreite: 78 cm<\/li>\n<li>Stauraumh\u00f6he: 27 cm<\/li>\n<li>Staurauml\u00e4nge: 58 cm<\/li>\n<\/ul>\n<h3>Abmessungen des Balkonhockers<\/h3>\n<ul>\n<li>Breite: 40 cm<\/li>\n<li>L\u00e4nge: 40 cm<\/li>\n<li>Sitzh\u00f6he: 40 cm<\/li>\n<li>Stauraumbreite: 38 cm<\/li>\n<li>Staurauml\u00e4nge: 38 cm<\/li>\n<li>Stauraumh\u00f6he: 27 cm<\/li>\n<\/ul>\n<h2>Aus welchem Hartholz ist die Balkon Loungeset gefertigt?<\/h2>\n<p>Das f\u00fcr die Produktion der Balkon Loungeset verwendete Teakholz stammt aus legalen Teakholzplantagen und wurde von einem Produzenten mit einer g\u00fcltigen FLEGT-Lizenz geerntet. FLEGT steht f\u00fcr Forest Law Enforcement, Governance and Trade. Der FLEGT-Aktionsplan der EU wurde im Jahr 2003 aufgestellt. Es zielt darauf ab, den illegalen Holzeinschlag zu reduzieren, indem es die nachhaltige und legale Waldbewirtschaftung st\u00e4rkt, die Regierungsf\u00fchrung verbessert und den Handel mit legal erzeugtem Holz f\u00f6rdert. L\u00e4nder auf der ganzen Welt handeln, um den illegalen Holzeinschlag zu bek\u00e4mpfen und eine gute Waldbewirtschaftung zu f\u00f6rdern. Auf der Website der <strong><a href=\"https:\/\/www.ble.de\/DE\/Themen\/Wald-Holz\/Handel-Holz\/FLEGT\/flegt_node.html\" target=\"_blank\" rel=\"noopener\">Bundesanstalt f\u00fcr landwirtschaft und ern\u00e4hrung<\/a><\/strong>\u00a0finden Sie Informationen \u00fcber die Ans\u00e4tze, die die L\u00e4nder verfolgen, sowie \u00fcber Initiativen, die \u00fcber die Landesgrenzen hinausgehen.<\/p>\n<h2>Wie pflege ich das Balkon Loungeset am besten?<\/h2>\n<p>Teakholz ist die beste Holzart, die f\u00fcr die Herstellung von Au\u00dfenm\u00f6beln verwendet werden kann. Das liegt daran, dass Teakholz von Natur aus eine \u00f6lhaltige und damit dichte Holzstruktur hat, so dass Feuchtigkeit und damit Schimmel und F\u00e4ulnis kaum eine Chance haben.<\/p>\n<p>Da Teakholz ein Naturprodukt ist und daher den Elementen wie Sonne, Regen und Wind ausgesetzt ist, trocknet es langsam aus. Wir empfehlen daher eine Behandlung mit <strong><a href=\"https:\/\/www.hetbalkonbankje.nl\/de\/produkt\/rubio-monocoat-hybrid-wood-protector\/\">Rubio Monocoat Hybrid Wood Protector<\/a><\/strong> oder <strong><a href=\"https:\/\/www.hetbalkonbankje.nl\/de\/produkt\/teak-versiegler\/\">Teak Sealer von Teak Wonder<\/a><\/strong>. Bleiben die Balkonm\u00f6bel unbehandelt, f\u00e4rben sie sich in etwa 8 bis 12 Monaten platingrau. Farbverluste bei Teakholz sind nicht sch\u00e4dlich und Teil eines nat\u00fcrlichen Alterungsprozesses, bei dem die oberste Schicht des Holzes Pigmente verliert. Wenn das Teakholz grau geworden ist, k\u00f6nnen Sie die oberste Schicht abschleifen, um die Farbe wiederherzustellen. Wenn Sie das Holz anschlie\u00dfend erneut behandeln, erzielen Sie einen noch sch\u00f6neren Farbeffekt.<\/p>\n<h3>Ist das Balkon Loungeset einfach zu montieren?<\/h3>\n<p>Die Balkonbank und der Balkonhocker werden demontiert in stabilen Kartons geliefert. Das Balkon Loungeset ist einfach zu montieren. Die Balkonbank besteht aus 7 Einzelteilen und wird auf beiden Seiten mit insgesamt 12 mitgelieferten Edelstahl-Inbusschrauben montiert. Einmal zusammengebaut, ist die Balkonbank sehr robust und stabil.<\/p>\n<p>Das gilt auch f\u00fcr den Balkonhocker, der mit 8 mitgelieferten Edelstahl-Inbusschrauben befestigt wird. Ein Inbusschl\u00fcssel ist ebenfalls enthalten. Sehen Sie sich unten das Montagevideo f\u00fcr die Balkonbank an. Der Balkonhocker hat das gleiche Montageprinzip.<\/p>\n<p><iframe loading=\"lazy\" title=\"Het Balkonbankje - Een teak balkon bank met opbergruimte\" width=\"1020\" height=\"574\" src=\"https:\/\/www.youtube.com\/embed\/hi6Hb0HYTJI?feature=oembed\" frameborder=\"0\" allow=\"accelerometer; autoplay; clipboard-write; encrypted-media; gyroscope; picture-in-picture; web-share\" referrerpolicy=\"strict-origin-when-cross-origin\" allowfullscreen><\/iframe><\/p>\n<h3>Sind die Kissen im Lieferumfang des Balkon Loungesets enthalten?<\/h3>\n<p>Nein, wir liefern keine Kissen als Standard. Die Kissen sind separat in unserem Shop erh\u00e4ltlich. Siehe Links unten.<\/p>\n<ul>\n<li><strong><a href=\"https:\/\/www.hetbalkonbankje.nl\/de\/produkt\/balkonbank-kissen-80-x-55-cm\/\">Balkonbank Kissen von 80 x 55 x 6 cm<\/a><\/strong><\/li>\n<li><strong><a href=\"https:\/\/www.hetbalkonbankje.nl\/de\/produkt\/hockerkissen-40-x-40-x-6-cm\/\">Balkonhocker Kissen von 40 x 40 x 6 cm<\/a><\/strong><\/li>\n<\/ul>\n<h3>Vorteile des Balkon Loungesets<\/h3>\n<ul>\n<li>Ideal f\u00fcr die meisten kleinen und schmalen Balkone<\/li>\n<li>Modularer Einsatz<\/li>\n<li>Wetterfest<\/li>\n<li>Leicht zu montieren<\/li>\n<li>Laubholz mit FLEGT-Genehmigung<\/li>\n<li>Leicht zu pflegen<\/li>\n<li>Viel Stauraum f\u00fcr die Balkonausr\u00fcstung<\/li>\n<\/ul>\n","protected":false},"excerpt":{"rendered":"<p>Das kleine Teakholz-Balkonset f\u00fcr zwei Personen kann auf verschiedene Weise genutzt werden. Stellen Sie den praktischen Balkonhocker vor oder neben die Balkonbank oder verwenden Sie den Hocker als Hocker und Balkontisch. Die Balkonbank und der Fu\u00dfhocker bieten reichlich Stauraum f\u00fcr die Aufbewahrung von Balkonutensilien.<\/p>\n","protected":false},"featured_media":252887,"comment_status":"open","ping_status":"closed","template":"","meta":{"inline_featured_image":false,"_joinchat":[]},"product_brand":[],"product_cat":[1597],"product_tag":[635],"class_list":{"0":"post-262925","1":"product","2":"type-product","3":"status-publish","4":"has-post-thumbnail","6":"product_cat-balkon-loungesets-de","7":"product_tag-balkonbank-de","8":"product_shipping_class-balkon-loungesets","10":"first","11":"instock","12":"downloadable","13":"taxable","14":"shipping-taxable","15":"purchasable","16":"product-type-simple"},"_links":{"self":[{"href":"https:\/\/www.hetbalkonbankje.nl\/de\/wp-json\/wp\/v2\/product\/262925","targetHints":{"allow":["GET"]}}],"collection":[{"href":"https:\/\/www.hetbalkonbankje.nl\/de\/wp-json\/wp\/v2\/product"}],"about":[{"href":"https:\/\/www.hetbalkonbankje.nl\/de\/wp-json\/wp\/v2\/types\/product"}],"replies":[{"embeddable":true,"href":"https:\/\/www.hetbalkonbankje.nl\/de\/wp-json\/wp\/v2\/comments?post=262925"}],"wp:featuredmedia":[{"embeddable":true,"href":"https:\/\/www.hetbalkonbankje.nl\/de\/wp-json\/wp\/v2\/media\/252887"}],"wp:attachment":[{"href":"https:\/\/www.hetbalkonbankje.nl\/de\/wp-json\/wp\/v2\/media?parent=262925"}],"wp:term":[{"taxonomy":"product_brand","embeddable":true,"href":"https:\/\/www.hetbalkonbankje.nl\/de\/wp-json\/wp\/v2\/product_brand?post=262925"},{"taxonomy":"product_cat","embeddable":true,"href":"https:\/\/www.hetbalkonbankje.nl\/de\/wp-json\/wp\/v2\/product_cat?post=262925"},{"taxonomy":"product_tag","embeddable":true,"href":"https:\/\/www.hetbalkonbankje.nl\/de\/wp-json\/wp\/v2\/product_tag?post=262925"}],"curies":[{"name":"wp","href":"https:\/\/api.w.org\/{rel}","templated":true}]}}