{"id":262916,"date":"2023-11-15T16:15:33","date_gmt":"2023-11-15T15:15:33","guid":{"rendered":"https:\/\/www.hetbalkonbankje.nl\/?post_type=product&#038;p=262916"},"modified":"2026-03-02T06:16:33","modified_gmt":"2026-03-02T05:16:33","slug":"balkon-loungeset-80-cm-40-x-60-cm","status":"publish","type":"product","link":"https:\/\/www.hetbalkonbankje.nl\/de\/produkt\/balkon-loungeset-80-cm-40-x-60-cm\/","title":{"rendered":"Balkon Loungeset &#8211; Balkonbank 80 cm + Balkonhocker 40 x 60 cm"},"content":{"rendered":"<h2 style=\"text-align: left;\"><strong>Kleines Teakholz-Balkon-Loungeset f\u00fcr zwei Personen &#8211; Balkonbank von 80 cm Breite + Balkonhocker 40 x 60 cm<\/strong><\/h2>\n<p>Dieses kleine Teakholz-Balkon-Loungeset, das f\u00fcr zwei Personen konzipiert ist, besteht aus einer <strong><a href=\"https:\/\/www.hetbalkonbankje.nl\/de\/produkt\/balkonbank-mit-stauraum-80-cm\/\">Balkonbank mit einer Breite von 80 cm<\/a><\/strong> und einem <strong><a href=\"https:\/\/www.hetbalkonbankje.nl\/de\/produkt\/balkonhocker-mit-stauraum-40-x-60\/\">Balkonhocker von 40 x 60 x 40 cm<\/a><\/strong>. Sowohl die Balkonbank als auch der Balkonhocker verf\u00fcgen \u00fcber ausreichend Stauraum, ideal zur Aufbewahrung verschiedener Balkonutensilien.<\/p>\n<h2><strong>Das Balkon-Loungeset f\u00fcr zwei Personen l\u00e4sst sich auf verschiedene Arten kombinieren<\/strong><\/h2>\n<p>Die kompakte Balkonbank mit einer Breite von 80 cm bietet Platz f\u00fcr zwei Personen. Durch den praktischen Balkonhocker, der vor oder neben der Bank platziert werden kann, entsteht Platz f\u00fcr drei Personen. Dar\u00fcber hinaus kann der Balkonhocker als Beistelltisch und Fu\u00dfst\u00fctze auf dem Balkon dienen.<\/p>\n<h2><strong>Alternative Balkon-Loungesets<\/strong><\/h2>\n<p>Wenn Sie eine zus\u00e4tzliche Fu\u00dfbank f\u00fcr zwei Personen hinzuf\u00fcgen m\u00f6chten, k\u00f6nnen Sie die 80 cm breite Balkonbank mit einer <strong><a href=\"https:\/\/www.hetbalkonbankje.nl\/de\/produkt\/balkontruhe-80-x-60-x-40-cm\/\">Balkonkiste von 80 x 60 cm kombinieren<\/a><\/strong> oder einen <strong><a href=\"https:\/\/www.hetbalkonbankje.nl\/de\/produkt\/balkonhocker-mit-stauraum-40-x-60\/\">zus\u00e4tzlichen Hocker von 40 x 60 cm bestellen<\/a><\/strong>. Auf diese Weise k\u00f6nnen Sie \u00fcber die gesamte Breite eine Fu\u00dfst\u00fctze und einen Balkontisch f\u00fcr zwei Personen schaffen. Wenn Sie gen\u00fcgend Platz haben, k\u00f6nnen Sie sogar eine l\u00e4ngere Balkonbank erstellen, indem Sie die Balkonkiste an die Seite der Bank schieben.<\/p>\n<p>Eine alternative Option besteht darin, die <strong><a href=\"https:\/\/www.hetbalkonbankje.nl\/de\/produkt\/balkon-loungebank-von-80-cm-breit\/\">tieferen Balkon-Loungebank von 80 cm Breite<\/a><\/strong> mit einem <strong><a href=\"https:\/\/www.hetbalkonbankje.nl\/de\/produkt-kategorien\/balkonhocker\/\">Balkonhocker<\/a><\/strong> oder einer <strong><a href=\"https:\/\/www.hetbalkonbankje.nl\/de\/produkt-kategorien\/balkontruhen\/\">Balkonkiste<\/a><\/strong> Ihrer Wahl f\u00fcr zus\u00e4tzliche Sitztiefe zu kombinieren. Sie k\u00f6nnen auch eine kleine Balkonset mit einer Balkonbank und einem kleineren Balkonhocker in Betracht ziehen, je nach Ihren Vorlieben. Wir bieten verschiedene L\u00f6sungen f\u00fcr jeden Balkontyp an.<\/p>\n<p>Schauen Sie sich auch unsere <strong><a href=\"https:\/\/www.hetbalkonbankje.nl\/de\/produkt-kategorien\/pflanzen-wandregale\/\">Pflanzenwandregale<\/a><\/strong> an, wenn Sie die Balkonwand hinter oder neben der Balkonbank mit Pflanzgef\u00e4\u00dfen oder anderem Balkongr\u00fcn versch\u00f6nern m\u00f6chten.<\/p>\n<h2><strong>Was sind die genauen Ma\u00dfe des Balkon-Loungesets?<\/strong><\/h2>\n<h3><strong>Abmessungen der Balkonbank<\/strong><\/h3>\n<ul>\n<li>Breite: 80 cm<\/li>\n<li>Gesamth\u00f6he: 90 cm<\/li>\n<li>Sitzh\u00f6he: 40 cm<\/li>\n<li>R\u00fcckenlehnenh\u00f6he: 50 cm<\/li>\n<li>Tiefe ohne R\u00fcckenlehne: 60 cm<\/li>\n<li>Tiefe mit R\u00fcckenlehne: 65 cm<\/li>\n<li>Sitzflachtiefe: 55 cm<\/li>\n<li>Breite des Stauraums: 78 cm<\/li>\n<li>H\u00f6he des Stauraums: 27 cm<\/li>\n<li>L\u00e4nge des Stauraums: 58 cm<\/li>\n<\/ul>\n<h3><strong>Abmessungen des Balkonhockers<\/strong><\/h3>\n<ul>\n<li>Breite: 40 cm<\/li>\n<li>Gesamth\u00f6he: 60 cm<\/li>\n<li>Sitzh\u00f6he: 40 cm<\/li>\n<li>Breite des Stauraums: 48 cm<\/li>\n<li>H\u00f6he des Stauraums: 27 cm<\/li>\n<li>L\u00e4nge des Stauraums: 58 cm<\/li>\n<\/ul>\n<h2>Aus welchem Hartholz ist die Balkon Loungeset gefertigt?<\/h2>\n<p>Das f\u00fcr die Produktion der Balkon Loungeset verwendete Teakholz stammt aus legalen Teakholzplantagen und wurde von einem Produzenten mit einer g\u00fcltigen FLEGT-Lizenz geerntet. FLEGT steht f\u00fcr Forest Law Enforcement, Governance and Trade. Der FLEGT-Aktionsplan der EU wurde im Jahr 2003 aufgestellt. Es zielt darauf ab, den illegalen Holzeinschlag zu reduzieren, indem es die nachhaltige und legale Waldbewirtschaftung st\u00e4rkt, die Regierungsf\u00fchrung verbessert und den Handel mit legal erzeugtem Holz f\u00f6rdert. L\u00e4nder auf der ganzen Welt handeln, um den illegalen Holzeinschlag zu bek\u00e4mpfen und eine gute Waldbewirtschaftung zu f\u00f6rdern. Auf der Website der\u00a0<strong><a href=\"https:\/\/www.ble.de\/DE\/Themen\/Wald-Holz\/Handel-Holz\/FLEGT\/flegt_node.html\" target=\"_blank\" rel=\"noopener\">Bundesanstalt f\u00fcr landwirtschaft und ern\u00e4hrung<\/a><\/strong>\u00a0finden Sie Informationen \u00fcber die Ans\u00e4tze, die die L\u00e4nder verfolgen, sowie \u00fcber Initiativen, die \u00fcber die Landesgrenzen hinausgehen.<\/p>\n<h2>Wie pflege ich das Balkon Loungeset am besten?<\/h2>\n<p>Teakholz ist die beste Holzart, die f\u00fcr die Herstellung von Au\u00dfenm\u00f6beln verwendet werden kann. Das liegt daran, dass Teakholz von Natur aus eine \u00f6lhaltige und damit dichte Holzstruktur hat, so dass Feuchtigkeit und damit Schimmel und F\u00e4ulnis kaum eine Chance haben.<\/p>\n<p>Da Teakholz ein Naturprodukt ist und daher den Elementen wie Sonne, Regen und Wind ausgesetzt ist, trocknet es langsam aus. Wir empfehlen daher eine Behandlung mit\u00a0<strong><a href=\"https:\/\/www.hetbalkonbankje.nl\/de\/rubio-monocoat-hybrid-wood-protector-2\/\">Rubio Monocoat Hybrid Wood Protector<\/a><\/strong>\u00a0oder\u00a0<strong><a href=\"https:\/\/www.hetbalkonbankje.nl\/de\/produkt\/teak-versiegler\/\">Teak Sealer von Teak Wonder<\/a><\/strong>. Bleiben die Balkonm\u00f6bel unbehandelt, f\u00e4rben sie sich in etwa 8 bis 12 Monaten platingrau. Farbverluste bei Teakholz sind nicht sch\u00e4dlich und Teil eines nat\u00fcrlichen Alterungsprozesses, bei dem die oberste Schicht des Holzes Pigmente verliert. Wenn das Teakholz grau geworden ist, k\u00f6nnen Sie die oberste Schicht abschleifen, um die Farbe wiederherzustellen. Wenn Sie das Holz anschlie\u00dfend erneut behandeln, erzielen Sie einen noch sch\u00f6neren Farbeffekt.<\/p>\n<h3><strong>Ist das kleine Balkon-Loungeset einfach zu montieren?<\/strong><\/h3>\n<p>Die Balkonbank und der Balkonhocker werden demontiert in robusten Kartons geliefert. Das kleine Balkon-Loungeset l\u00e4sst sich einfach zusammenbauen. Die Balkonbank besteht aus 7 Einzelteilen und wird an beiden Seiten mit insgesamt 12 mitgelieferten Edelstahlinbusschrauben montiert. Einmal zusammengebaut, ist die Balkonbank eine sehr robuste und stabile Einheit.<\/p>\n<p>Dies gilt auch f\u00fcr den Balkonhocker, der mit 8 Edelstahlinbusschrauben befestigt wird. Ein Inbusschl\u00fcssel und eine digitale Anleitung werden mitgeliefert. Sehen Sie sich unten das Montagevideo der Balkonbank an. Der Balkonhocker hat dasselbe Montageprinzip.<\/p>\n<p><iframe loading=\"lazy\" title=\"Het Balkonbankje - Een teak balkon bank met opbergruimte\" width=\"1020\" height=\"574\" src=\"https:\/\/www.youtube.com\/embed\/hi6Hb0HYTJI?feature=oembed\" frameborder=\"0\" allow=\"accelerometer; autoplay; clipboard-write; encrypted-media; gyroscope; picture-in-picture; web-share\" referrerpolicy=\"strict-origin-when-cross-origin\" allowfullscreen><\/iframe><\/p>\n<h3><strong>Werden Kissen mit dem kleinen Balkon-Loungeset geliefert?<\/strong><\/h3>\n<p>Die Kissen sind separat in unserem Shop erh\u00e4ltlich. Siehe untenstehende Links.<\/p>\n<ul>\n<li><strong><a href=\"https:\/\/www.hetbalkonbankje.nl\/de\/produkt\/balkonbank-kissen-80-x-55-cm\/\">Balkonbank-Kissen von 80 x 55 cm<\/a><\/strong><\/li>\n<li><strong><a href=\"https:\/\/www.hetbalkonbankje.nl\/de\/produkt\/hocker-kissen-40-x-60-x-6-cm\/\">Balkonhocker-Kissen von 40 x 60 cm<\/a><\/strong><\/li>\n<\/ul>\n<h3><strong>Vorteile des kleinen Balkon-Loungesets<\/strong><\/h3>\n<ul>\n<li>Ideal f\u00fcr kleine und schmale Balkone<\/li>\n<li>Wetterbest\u00e4ndig<\/li>\n<li>Einfach zusammenzubauen<\/li>\n<li>Hartholz mit FLEGT-Lizenz<\/li>\n<li>Einfach zu pflegen<\/li>\n<li>Viel Stauraum f\u00fcr Balkonutensilien<\/li>\n<li>Modular verwendbar<\/li>\n<\/ul>\n","protected":false},"excerpt":{"rendered":"<p>Die kompakte kleine Balkon-Loungeset f\u00fcr zwei Personen bietet Flexibilit\u00e4t sowohl in der L\u00e4nge als auch in der Tiefe. Platzieren Sie den Balkonhocker vor oder neben der Balkonbank und verwenden Sie ihn als Fu\u00dfbank und Balkontisch. Sowohl die Balkonbank als auch der Hocker sind mit gro\u00dfz\u00fcgigem Stauraum ausgestattet, um verschiedene Balkonutensilien aufzubewahren. Dieses Set ist auf Langlebigkeit ausgelegt und wird aus FLEGT-zertifiziertem Teakholz von Plantagen hergestellt.<\/p>\n","protected":false},"featured_media":253105,"comment_status":"open","ping_status":"closed","template":"","meta":{"inline_featured_image":false,"_joinchat":[]},"product_brand":[4559],"product_cat":[1597],"product_tag":[635],"class_list":{"0":"post-262916","1":"product","2":"type-product","3":"status-publish","4":"has-post-thumbnail","6":"product_brand-balkonbank","7":"product_cat-balkon-loungesets-de","8":"product_tag-balkonbank-de","9":"product_shipping_class-balkon-loungesets","11":"first","12":"instock","13":"downloadable","14":"taxable","15":"shipping-taxable","16":"purchasable","17":"product-type-simple"},"_links":{"self":[{"href":"https:\/\/www.hetbalkonbankje.nl\/de\/wp-json\/wp\/v2\/product\/262916","targetHints":{"allow":["GET"]}}],"collection":[{"href":"https:\/\/www.hetbalkonbankje.nl\/de\/wp-json\/wp\/v2\/product"}],"about":[{"href":"https:\/\/www.hetbalkonbankje.nl\/de\/wp-json\/wp\/v2\/types\/product"}],"replies":[{"embeddable":true,"href":"https:\/\/www.hetbalkonbankje.nl\/de\/wp-json\/wp\/v2\/comments?post=262916"}],"wp:featuredmedia":[{"embeddable":true,"href":"https:\/\/www.hetbalkonbankje.nl\/de\/wp-json\/wp\/v2\/media\/253105"}],"wp:attachment":[{"href":"https:\/\/www.hetbalkonbankje.nl\/de\/wp-json\/wp\/v2\/media?parent=262916"}],"wp:term":[{"taxonomy":"product_brand","embeddable":true,"href":"https:\/\/www.hetbalkonbankje.nl\/de\/wp-json\/wp\/v2\/product_brand?post=262916"},{"taxonomy":"product_cat","embeddable":true,"href":"https:\/\/www.hetbalkonbankje.nl\/de\/wp-json\/wp\/v2\/product_cat?post=262916"},{"taxonomy":"product_tag","embeddable":true,"href":"https:\/\/www.hetbalkonbankje.nl\/de\/wp-json\/wp\/v2\/product_tag?post=262916"}],"curies":[{"name":"wp","href":"https:\/\/api.w.org\/{rel}","templated":true}]}}