{"id":260134,"date":"2023-02-07T13:39:26","date_gmt":"2023-02-07T12:39:26","guid":{"rendered":"https:\/\/www.hetbalkonbankje.nl\/product\/schwarzer-kunststoff-handrechen\/"},"modified":"2023-02-07T13:39:26","modified_gmt":"2023-02-07T12:39:26","slug":"schwarzer-kunststoff-handrechen","status":"publish","type":"product","link":"https:\/\/www.hetbalkonbankje.nl\/de\/produkt\/schwarzer-kunststoff-handrechen\/","title":{"rendered":"Schwarzer Kunststoff-Handrechen &#8211; 24,4 x 7,9 x 10,5 cm"},"content":{"rendered":"<h2>Schwarzer Kunststoff-Handrechen &#8211; 24,4 x 7,9 x 10,5 cm<\/h2>\n<div>Dieser schwarze Handrechen aus Kunststoff ist praktisch f\u00fcr kleine Bereiche wie einen kleinen Garten, einen Balkongarten, eine G\u00e4rtnerei oder einen Anzuchttopf. Es handelt sich um ein handliches und kompaktes Gartenger\u00e4t, das leicht zu handhaben ist und sehr gut in der Hand liegt. Die Handharke ist aus robustem Kunststoff gefertigt und daher resistent gegen Rost, Verformung und Witterungseinfl\u00fcsse wie Sonne und Regen. Die schwarze Kunststoffharke ist 25 cm lang und kann daher auch auf kleinen Fl\u00e4chen eingesetzt werden.<\/div>\n<div><\/div>\n<div>Der Handrechen wird zum Auflockern, Bel\u00fcften und J\u00e4ten des Bodens verwendet. Diese Techniken f\u00f6rdern das Pflanzenwachstum. Durch regelm\u00e4\u00dfiges Auflockern des Bodens wird der Boden wasser- und luftdurchl\u00e4ssiger, wodurch auch Unkraut und unerw\u00fcnschte Samen entfernt werden.<\/div>\n<div><\/div>\n<div>Zusammenfassend l\u00e4sst sich sagen, dass diese schwarze Kunststoffharke ein ideales Gartenger\u00e4t f\u00fcr alle ist, die einen kleinen Garten oder eine kleine Fl\u00e4che pflegen wollen.<\/div>\n","protected":false},"excerpt":{"rendered":"<p>Idealer schwarzer Kunststoff-Handrechen f\u00fcr kleine Fl\u00e4chen. Leicht zu handhaben und sehr angenehm in der Hand. Die Handharke ist aus strapazierf\u00e4higem Kunststoff gefertigt und wird lange Zeit halten.<\/p>\n","protected":false},"featured_media":257835,"comment_status":"open","ping_status":"closed","template":"","meta":{"inline_featured_image":false,"_joinchat":[]},"product_brand":[],"product_cat":[1799,2679],"product_tag":[2683,1796,2680],"class_list":{"0":"post-260134","1":"product","2":"type-product","3":"status-publish","4":"has-post-thumbnail","6":"product_cat-balkongarten","7":"product_cat-kultivierung","8":"product_tag-balkon-gartengerate","9":"product_tag-balkongarten","10":"product_tag-kultivierung","11":"product_shipping_class-klein-pakete","13":"first","14":"instock","15":"taxable","16":"shipping-taxable","17":"purchasable","18":"product-type-simple"},"_links":{"self":[{"href":"https:\/\/www.hetbalkonbankje.nl\/de\/wp-json\/wp\/v2\/product\/260134","targetHints":{"allow":["GET"]}}],"collection":[{"href":"https:\/\/www.hetbalkonbankje.nl\/de\/wp-json\/wp\/v2\/product"}],"about":[{"href":"https:\/\/www.hetbalkonbankje.nl\/de\/wp-json\/wp\/v2\/types\/product"}],"replies":[{"embeddable":true,"href":"https:\/\/www.hetbalkonbankje.nl\/de\/wp-json\/wp\/v2\/comments?post=260134"}],"wp:featuredmedia":[{"embeddable":true,"href":"https:\/\/www.hetbalkonbankje.nl\/de\/wp-json\/wp\/v2\/media\/257835"}],"wp:attachment":[{"href":"https:\/\/www.hetbalkonbankje.nl\/de\/wp-json\/wp\/v2\/media?parent=260134"}],"wp:term":[{"taxonomy":"product_brand","embeddable":true,"href":"https:\/\/www.hetbalkonbankje.nl\/de\/wp-json\/wp\/v2\/product_brand?post=260134"},{"taxonomy":"product_cat","embeddable":true,"href":"https:\/\/www.hetbalkonbankje.nl\/de\/wp-json\/wp\/v2\/product_cat?post=260134"},{"taxonomy":"product_tag","embeddable":true,"href":"https:\/\/www.hetbalkonbankje.nl\/de\/wp-json\/wp\/v2\/product_tag?post=260134"}],"curies":[{"name":"wp","href":"https:\/\/api.w.org\/{rel}","templated":true}]}}