{"id":260120,"date":"2023-02-09T11:07:20","date_gmt":"2023-02-09T10:07:20","guid":{"rendered":"https:\/\/www.hetbalkonbankje.nl\/product\/9-teiliges-gartenhandwerkzeug-set\/"},"modified":"2023-08-08T17:37:58","modified_gmt":"2023-08-08T15:37:58","slug":"9-teiliges-gartenhandwerkzeug-set","status":"publish","type":"product","link":"https:\/\/www.hetbalkonbankje.nl\/de\/produkt\/9-teiliges-gartenhandwerkzeug-set\/","title":{"rendered":"9-teiliges Gartenhandwerkzeug-Set aus schwarzem Kunststoff &#8211; Handlaubrechen, Saatgutrechen, Handgrubber, Handhacke, Handrechen, Lochgr\u00e4ber, Schaufelbecher, schmale und breite Pflanzschaufel"},"content":{"rendered":"<h2>9-teiliges Gartenhandwerkzeug-Set aus schwarzem Kunststoff &#8211; Handlaubrechen, Saatgutrechen, Handgrubber, Handhacke, Handrechen, Lochgr\u00e4ber, Schaufelbecher, schmale und breite Pflanzschaufel<\/h2>\n<p>Mit diesem kompletten Gartenhandwerkzeug-Set sind Sie mit ergonomischen und langlebigen Gartenhandwerkzeugen ausgestattet, mit denen Sie lange arbeiten k\u00f6nnen und die lange halten. Das Set ist ideal, wenn Sie auf einem kleinen Grundst\u00fcck oder einer kleinen Fl\u00e4che g\u00e4rtnern, z. B. in einem Balkongarten, Dachterrassengarten, einer Baumschule oder einem Gem\u00fcsegarten. Das Set besteht aus 9 verschiedenen Werkzeugen, jedes mit einem bestimmten Zweck.<\/p>\n<h3>1. Schwarzer Handlaubrechen aus Kunststoff &#8211; 52 x 17,2 x 6,3 cm<\/h3>\n<div>Handliche Laubharke zum schnellen Entfernen von Gras, Laub und anderem Material unter kleinen Str\u00e4uchern und B\u00fcschen. Gl\u00e4tten Sie damit m\u00fchelos den Boden oder verteilen Sie lose Erde<span style=\"color: #555555; font-size: 14.4px;\">.<\/span><\/div>\n<div><\/div>\n<blockquote class=\"wp-embedded-content\" data-secret=\"T5Mmh5s66B\"><p><a href=\"https:\/\/www.hetbalkonbankje.nl\/de\/produkt\/schwarzer-handlaubrechen-aus-kunststoff\/\">Zwarte kunststof hand bladhark &#8211; 52 x 17,2 x 6,3 cm<\/a><\/p><\/blockquote>\n<p><iframe loading=\"lazy\" class=\"wp-embedded-content\" sandbox=\"allow-scripts\" security=\"restricted\" style=\"position: absolute; clip: rect(1px, 1px, 1px, 1px);\" title=\"&#8222;Zwarte kunststof hand bladhark &#8211; 52 x 17,2 x 6,3 cm&#8220; &#8212; Die Balkonbank\" src=\"https:\/\/www.hetbalkonbankje.nl\/de\/produkt\/schwarzer-handlaubrechen-aus-kunststoff\/embed\/#?secret=sNsEqFfEm0#?secret=T5Mmh5s66B\" data-secret=\"T5Mmh5s66B\" width=\"600\" height=\"338\" frameborder=\"0\" marginwidth=\"0\" marginheight=\"0\" scrolling=\"no\"><\/iframe><\/p>\n<h3><strong>2. Zwart kunststof zaaiharkje \u2013 25,5 x 8,6 x 5,8 cm<\/strong><\/h3>\n<p>Een zaaiharkje maakt het zaaien van zaden eenvoudiger, geeft meer controle en is dus geschikter om preciezer te mee zaaien in jouw tuintje. Met een zaaiharkje kun je verschillende dingen doen.<\/p>\n<ul>\n<li>Zaden zaaien: De naam zegt het al; met een zaaiharkje kun je snel en gecontroleerd zaden zaaien zonder de grond onnodig aan te raken, vooral op een klein oppervlak of perceel.<\/li>\n<li>Grond verdelen: Met een zaaiharkje kun je ook makkelijk grond verdelen of verfijnen door het grondoppervlak te egaliseren en grovere deeltjes uit de grond te verwijderen.<\/li>\n<li>Compost of mest verdelen: Met een zaaiharkje kun je ook eenvoudig compost of mest in de grond mixen. Door de grond te bemesten verrijk je het waardoor planten beter kunnen groeien.<\/li>\n<li>Onkruid verwijderen: Met een zaaiharkje kun je onkruid verwijderen zonder de grond onnodig te beschadigen en dus te verstoren.<\/li>\n<\/ul>\n<blockquote class=\"wp-embedded-content\" data-secret=\"3ClUXZCkQx\"><p><a href=\"https:\/\/www.hetbalkonbankje.nl\/de\/produkt\/schwarzer-kunststoff-saatharke\/\">Zwart kunststof zaaiharkje &#8211; 25,5 x 8,6 x 5,8 cm<\/a><\/p><\/blockquote>\n<p><iframe loading=\"lazy\" class=\"wp-embedded-content\" sandbox=\"allow-scripts\" security=\"restricted\" style=\"position: absolute; clip: rect(1px, 1px, 1px, 1px);\" title=\"&#8222;Zwart kunststof zaaiharkje &#8211; 25,5 x 8,6 x 5,8 cm&#8220; &#8212; Die Balkonbank\" src=\"https:\/\/www.hetbalkonbankje.nl\/de\/produkt\/schwarzer-kunststoff-saatharke\/embed\/#?secret=Wx1WSIOF96#?secret=3ClUXZCkQx\" data-secret=\"3ClUXZCkQx\" width=\"600\" height=\"338\" frameborder=\"0\" marginwidth=\"0\" marginheight=\"0\" scrolling=\"no\"><\/iframe><\/p>\n<h3><strong>3. Zwarte kunststof handcultivator \u2013 25,1 x 7,8 x 5,4 cm<\/strong><\/h3>\n<p>Met deze zwarte kunststof handcultivator kun je vlug en makkelijk de grond prepareren voor het zaaien of planten van bloemen, groenten of kruiden. Ook verwijder je in een handomdraai onkruid en het mix je compost of mest eenvoudig met de grond.<\/p>\n<p>De kunststof handcultivator is klein en weegt weinig. Hierdoor is het ergonomisch in gebruik en fijn in gebruik als je een tijdje aan het tuinieren bent. Het kunststof is gemakkelijk schoon te maken en door zijn compactheid eenvoudig op te bergen.<\/p>\n<blockquote class=\"wp-embedded-content\" data-secret=\"JBOl6Wqi3o\"><p><a href=\"https:\/\/www.hetbalkonbankje.nl\/de\/produkt\/schwarzer-kunststoff-handgrubber\/\">Zwarte kunststof handcultivator &#8211; 25,1 x 7,8 x 5,4 cm<\/a><\/p><\/blockquote>\n<p><iframe loading=\"lazy\" class=\"wp-embedded-content\" sandbox=\"allow-scripts\" security=\"restricted\" style=\"position: absolute; clip: rect(1px, 1px, 1px, 1px);\" title=\"&#8222;Zwarte kunststof handcultivator &#8211; 25,1 x 7,8 x 5,4 cm&#8220; &#8212; Die Balkonbank\" src=\"https:\/\/www.hetbalkonbankje.nl\/de\/produkt\/schwarzer-kunststoff-handgrubber\/embed\/#?secret=kcoIvT1ZSH#?secret=JBOl6Wqi3o\" data-secret=\"JBOl6Wqi3o\" width=\"600\" height=\"338\" frameborder=\"0\" marginwidth=\"0\" marginheight=\"0\" scrolling=\"no\"><\/iframe><\/p>\n<h3><strong>4. Zwarte kunststof hark \/ schoffel 2-in-1 combinatie \u2013 29 x 8 x 19,6 cm<\/strong><\/h3>\n<p>Met deze handige zwarte kunststof hark\/schoffel combinatie kun je in een handomdraai zowel harken als schoffelen zonder van tuin handgereedschap te moeten verwisselen. Met deze handige eigenschappen is het dus heerlijk snel werken in bijvoorbeeld je balkontuin, moestuin of kruidentuin. De zwarte kunststof handhark \/ schoffel combinatie is eenvoudig schoon te houden en gaat lang mee.<\/p>\n<p>Met het handharkje kun je eenvoudig de bodem losser maken, beluchten en wieden. Deze technieken bevorderen de groei van planten. Door de bodem regelmatig wat losser te maken, wordt de grond meer doorlatend voor water en lucht waarmee je ook meteen onkruid en ongewenste zaden verwijderd<\/p>\n<p>De handschoffel gebruikt je voor het graven, verdelen en omscheppen van aarde. Het is daarnaast een handige tuin handgereedschap om kleine oppervlakten te maken, aarde te bewerken of om kleine gaten te maken voor het planten van bloemen of groenten. Je kunt er ook grondig en snel onkruid mee verwijderen en mest en compost mee verdelen.<\/p>\n<blockquote class=\"wp-embedded-content\" data-secret=\"66Ygn7exiY\"><p><a href=\"https:\/\/www.hetbalkonbankje.nl\/de\/produkt\/schwarze-2-in-1-kombination-aus-kunststoff\/\">Zwarte kunststof hark \/ schoffel 2-in-1 combinatie &#8211; 29 x 8 x 19,6 cm<\/a><\/p><\/blockquote>\n<p><iframe loading=\"lazy\" class=\"wp-embedded-content\" sandbox=\"allow-scripts\" security=\"restricted\" style=\"position: absolute; clip: rect(1px, 1px, 1px, 1px);\" title=\"&#8222;Zwarte kunststof hark \/ schoffel 2-in-1 combinatie &#8211; 29 x 8 x 19,6 cm&#8220; &#8212; Die Balkonbank\" src=\"https:\/\/www.hetbalkonbankje.nl\/de\/produkt\/schwarze-2-in-1-kombination-aus-kunststoff\/embed\/#?secret=vU9ZMfPwxw#?secret=66Ygn7exiY\" data-secret=\"66Ygn7exiY\" width=\"600\" height=\"338\" frameborder=\"0\" marginwidth=\"0\" marginheight=\"0\" scrolling=\"no\"><\/iframe><\/p>\n<h3><strong>5. Zwart kunststof handharkje \u2013 24,4 x 7,9 x 10,5 cm<\/strong><\/h3>\n<p>Dit zwarte kunststof handharkje is handig voor gebruik op kleine oppervlakten zoals een kleine tuin, balkontuin, kweekbak of een kweekpot. Het is een handig en compact tuin handgereedschap dat gemakkelijk te hanteren is en zeer comfortabel in de hand ligt. Het handharkje is gemaakt van sterk kunststof en daarom roestbestendig, vervorming en beschadiging door weersinvloeden zoals zon en regen. Het zwarte kunststof handharkje is 25 cm lang, waardoor het dus handig is om te gebruiken op kleine oppervlakten.<\/p>\n<p>Het handharkje wordt gebruikt om de bodem los te maken, te beluchten en te wieden. Deze technieken bevorderen de groei van planten. Door de bodem regelmatig losser te maken, wordt de aarde meer doorlatend voor water en lucht waarmee ook onkruid en ongewenste zaden worden verwijderd.<\/p>\n<blockquote class=\"wp-embedded-content\" data-secret=\"PkrffEITEU\"><p><a href=\"https:\/\/www.hetbalkonbankje.nl\/de\/produkt\/schwarzer-kunststoff-handrechen\/\">Zwart kunststof handharkje &#8211; 24,4 x 7,9 x 10,5 cm<\/a><\/p><\/blockquote>\n<p><iframe loading=\"lazy\" class=\"wp-embedded-content\" sandbox=\"allow-scripts\" security=\"restricted\" style=\"position: absolute; clip: rect(1px, 1px, 1px, 1px);\" title=\"&#8222;Zwart kunststof handharkje &#8211; 24,4 x 7,9 x 10,5 cm&#8220; &#8212; Die Balkonbank\" src=\"https:\/\/www.hetbalkonbankje.nl\/de\/produkt\/schwarzer-kunststoff-handrechen\/embed\/#?secret=FSyT25KLqn#?secret=PkrffEITEU\" data-secret=\"PkrffEITEU\" width=\"600\" height=\"338\" frameborder=\"0\" marginwidth=\"0\" marginheight=\"0\" scrolling=\"no\"><\/iframe><\/p>\n<h3><strong>6. Zwarte kunststof gatengraver \u2013 15,2 x 3,4 x 20,7 cm<\/strong><\/h3>\n<p>Deze zwarte kunststof gatengraver is een handige tuin handgereedschap voor het maken van kleine gaten in de aarde. Het is specifiek ontworpen voor het planten van zaadjes in een kweekkast, kweekbak of kweektafel en voor het verplanten van jonge zaailingen in de tuin. De gatengraver kan ook worden gebruikt om de aarde iets losser te maken bij grotere tuinprojecten om het planten en verplanten te vereenvoudigen. De zwarte kunststof gatengraver is gemaakt van duurzaam materiaal en is comfortabel in gebruik.<\/p>\n<blockquote class=\"wp-embedded-content\" data-secret=\"YiJCAsQyF7\"><p><a href=\"https:\/\/www.hetbalkonbankje.nl\/de\/produkt\/schwarzer-kunststoff-lochgraber\/\">Zwarte kunststof gatengraver &#8211; 15,2 x 3,4 x 20,7 cm<\/a><\/p><\/blockquote>\n<p><iframe loading=\"lazy\" class=\"wp-embedded-content\" sandbox=\"allow-scripts\" security=\"restricted\" style=\"position: absolute; clip: rect(1px, 1px, 1px, 1px);\" title=\"&#8222;Zwarte kunststof gatengraver &#8211; 15,2 x 3,4 x 20,7 cm&#8220; &#8212; Die Balkonbank\" src=\"https:\/\/www.hetbalkonbankje.nl\/de\/produkt\/schwarzer-kunststoff-lochgraber\/embed\/#?secret=8NaA8UyKCB#?secret=YiJCAsQyF7\" data-secret=\"YiJCAsQyF7\" width=\"600\" height=\"338\" frameborder=\"0\" marginwidth=\"0\" marginheight=\"0\" scrolling=\"no\"><\/iframe><\/p>\n<h3><strong>7. Zwarte kunststof schepbeker \u2013 12,2 x 10,5 x 22,6 cm<\/strong><\/h3>\n<p>Deze zwarte kunststof schepbeker is een handig stuk kweekgereedschap met een bekervormige schep, speciaal ontworpen om bijvoorbeeld aarde of compost mee uit een zak te scheppen. Met een schepbeker kun je effici\u00ebnt en op een comfortabele wijze aarde verplaatsen, zonder vuile handen te krijgen. Een extra handige eigenschap van deze zwarte kunststof aarde schepbeker is dat het ook als tuin handgereedschap houder voor ander tuin handgereedschap kan worden gebruikt. Hierdoor houd je altijd je tuin handgereedschap bij elkaar en raak je het minder snel kwijt. De kunststof schepbeker is gemaakt van duurzaam materiaal en weegt niks, waardoor het comfortabel is te gebruiken en lang mee gaat.<\/p>\n<blockquote class=\"wp-embedded-content\" data-secret=\"fveEP6a6yH\"><p><a href=\"https:\/\/www.hetbalkonbankje.nl\/de\/produkt\/schwarzer-kunststoff-schopfbecher\/\">Zwarte kunststof schepbeker &#8211; 12,2 x 10,5 x 22,6 cm<\/a><\/p><\/blockquote>\n<p><iframe loading=\"lazy\" class=\"wp-embedded-content\" sandbox=\"allow-scripts\" security=\"restricted\" style=\"position: absolute; clip: rect(1px, 1px, 1px, 1px);\" title=\"&#8222;Zwarte kunststof schepbeker &#8211; 12,2 x 10,5 x 22,6 cm&#8220; &#8212; Die Balkonbank\" src=\"https:\/\/www.hetbalkonbankje.nl\/de\/produkt\/schwarzer-kunststoff-schopfbecher\/embed\/#?secret=zIu7JwoT1V#?secret=fveEP6a6yH\" data-secret=\"fveEP6a6yH\" width=\"600\" height=\"338\" frameborder=\"0\" marginwidth=\"0\" marginheight=\"0\" scrolling=\"no\"><\/iframe><\/p>\n<h3><strong>8. Zwart kunststof plantenschepje met diepte aanduiding \u2013 28,5 x 8,5 x 4,6 cm<\/strong><\/h3>\n<p>Dit zwarte kunststof plantenschepje met diepte aanduiding is een handig stuk kweekgereedschap voor tuinieren en het verzorgen van planten. Het plantenschepje heeft een duidelijke aanduiding op de schop die aangeeft in centimeters tot welke diepte je moet graven bij het planten of verplanten van kruiden, planten en bloemen. Hierdoor ben je zeker over de juiste pootdiepte en zorg je ervoor dat je planten voldoende ruimte krijgen om te groeien. Het zwarte plantenschepje is gemaakt van hoogwaardig kunststof en is licht van gewicht, goed te hanteren en gaat lang mee.<\/p>\n<blockquote class=\"wp-embedded-content\" data-secret=\"CEHSmWJgfU\"><p><a href=\"https:\/\/www.hetbalkonbankje.nl\/de\/produkt\/schwarze-kunststoff-pflanzschaufel-mit-tiefenanzeige\/\">Zwart kunststof plantenschepje met diepte aanduiding &#8211; 28,8 x 8,5 x 4,6 cm<\/a><\/p><\/blockquote>\n<p><iframe loading=\"lazy\" class=\"wp-embedded-content\" sandbox=\"allow-scripts\" security=\"restricted\" style=\"position: absolute; clip: rect(1px, 1px, 1px, 1px);\" title=\"&#8222;Zwart kunststof plantenschepje met diepte aanduiding &#8211; 28,8 x 8,5 x 4,6 cm&#8220; &#8212; Die Balkonbank\" src=\"https:\/\/www.hetbalkonbankje.nl\/de\/produkt\/schwarze-kunststoff-pflanzschaufel-mit-tiefenanzeige\/embed\/#?secret=U8MZjJVs8L#?secret=CEHSmWJgfU\" data-secret=\"CEHSmWJgfU\" width=\"600\" height=\"338\" frameborder=\"0\" marginwidth=\"0\" marginheight=\"0\" scrolling=\"no\"><\/iframe><\/p>\n<h3><strong>9. Zwarte smalle kunststof plantenschepje met diepte aanduiding \u2013 30 x 5 x 3,5 cm<\/strong><\/h3>\n<p>Dit handige zwarte smalle kunststof plantenschepje heeft een handige diepte aanduiding waarmee je zeer precies kunt (ver)planten. Het smalle plantenschepje is lekker smal en gaat precies diep genoeg. Fijn in gebruik dus! Het smalle verplantschopje heeft een afmeting van 30 x 5 x 3,5 cm en is onmisbaar bij het planten en verplanten van je kruiden, planten en bloemen.<\/p>\n<p>Kortom, deze 9-delige tuin handgereedschapset is ideaal voor iedereen die op zoek is naar een handige, ergonomische en complete set hand tuingereedschappen van hoge kwaliteit.<\/p>\n<blockquote class=\"wp-embedded-content\" data-secret=\"M3VQNILhkP\"><p><a href=\"https:\/\/www.hetbalkonbankje.nl\/de\/produkt\/schwarze-schmale-kunststoff-pflanzschaufel-mit-tiefenanzeige\/\">Zwarte smalle kunststof plantenschepje met diepte aanduiding &#8211; 30 x 5 x 3,5 cm<\/a><\/p><\/blockquote>\n<p><iframe loading=\"lazy\" class=\"wp-embedded-content\" sandbox=\"allow-scripts\" security=\"restricted\" style=\"position: absolute; clip: rect(1px, 1px, 1px, 1px);\" title=\"&#8222;Zwarte smalle kunststof plantenschepje met diepte aanduiding &#8211; 30 x 5 x 3,5 cm&#8220; &#8212; Die Balkonbank\" src=\"https:\/\/www.hetbalkonbankje.nl\/de\/produkt\/schwarze-schmale-kunststoff-pflanzschaufel-mit-tiefenanzeige\/embed\/#?secret=eioQmneD8r#?secret=M3VQNILhkP\" data-secret=\"M3VQNILhkP\" width=\"600\" height=\"338\" frameborder=\"0\" marginwidth=\"0\" marginheight=\"0\" scrolling=\"no\"><\/iframe><\/p>\n","protected":false},"excerpt":{"rendered":"<p>9-teiliges Gartenhandwerkzeug-Set aus schwarzem Kunststoff &#8211; Handlaubrechen, Saatgutrechen, Handgrubber, Handhacke, Handrechen, Lochgr\u00e4ber, Schaufelbecher, schmale und breite Pflanzschaufel Mit diesem kompletten Gartenhandwerkzeug-Set sind Sie mit ergonomischen und langlebigen Gartenhandwerkzeugen ausgestattet, mit denen Sie lange arbeiten k\u00f6nnen und die lange halten. Das Set ist ideal, wenn Sie auf einem kleinen Grundst\u00fcck oder einer kleinen Fl\u00e4che g\u00e4rtnern, z. [&#8230;]\n","protected":false},"featured_media":257881,"comment_status":"open","ping_status":"closed","template":"","meta":{"inline_featured_image":false,"_joinchat":[]},"product_brand":[],"product_cat":[1799,2679],"product_tag":[2683,1796,2680],"class_list":{"0":"post-260120","1":"product","2":"type-product","3":"status-publish","4":"has-post-thumbnail","6":"product_cat-balkongarten","7":"product_cat-kultivierung","8":"product_tag-balkon-gartengerate","9":"product_tag-balkongarten","10":"product_tag-kultivierung","11":"product_shipping_class-klein-pakete","13":"first","14":"instock","15":"taxable","16":"shipping-taxable","17":"purchasable","18":"product-type-simple"},"_links":{"self":[{"href":"https:\/\/www.hetbalkonbankje.nl\/de\/wp-json\/wp\/v2\/product\/260120","targetHints":{"allow":["GET"]}}],"collection":[{"href":"https:\/\/www.hetbalkonbankje.nl\/de\/wp-json\/wp\/v2\/product"}],"about":[{"href":"https:\/\/www.hetbalkonbankje.nl\/de\/wp-json\/wp\/v2\/types\/product"}],"replies":[{"embeddable":true,"href":"https:\/\/www.hetbalkonbankje.nl\/de\/wp-json\/wp\/v2\/comments?post=260120"}],"wp:featuredmedia":[{"embeddable":true,"href":"https:\/\/www.hetbalkonbankje.nl\/de\/wp-json\/wp\/v2\/media\/257881"}],"wp:attachment":[{"href":"https:\/\/www.hetbalkonbankje.nl\/de\/wp-json\/wp\/v2\/media?parent=260120"}],"wp:term":[{"taxonomy":"product_brand","embeddable":true,"href":"https:\/\/www.hetbalkonbankje.nl\/de\/wp-json\/wp\/v2\/product_brand?post=260120"},{"taxonomy":"product_cat","embeddable":true,"href":"https:\/\/www.hetbalkonbankje.nl\/de\/wp-json\/wp\/v2\/product_cat?post=260120"},{"taxonomy":"product_tag","embeddable":true,"href":"https:\/\/www.hetbalkonbankje.nl\/de\/wp-json\/wp\/v2\/product_tag?post=260120"}],"curies":[{"name":"wp","href":"https:\/\/api.w.org\/{rel}","templated":true}]}}