{"id":259305,"date":"2023-01-20T14:38:30","date_gmt":"2023-01-20T13:38:30","guid":{"rendered":"https:\/\/www.hetbalkonbankje.nl\/product\/gieskanne-aus-zink-mit-spruhkopf-45-l-marineblau\/"},"modified":"2025-12-12T17:20:37","modified_gmt":"2025-12-12T16:20:37","slug":"gieskanne-aus-zink-mit-spruhkopf-marineblau","status":"publish","type":"product","link":"https:\/\/www.hetbalkonbankje.nl\/de\/produkt\/gieskanne-aus-zink-mit-spruhkopf-marineblau\/","title":{"rendered":"Zink-Gie\u00dfkanne mit Brausekopf \u2013 Verschiedene Fassungsverm\u00f6gen: 4,5 Liter \/ 9 Liter \u2013 Marineblau \u2013 Ergonomischer Griff"},"content":{"rendered":"<h2><strong>Zink-Gie\u00dfkanne mit Brausekopf \u2013 Verschiedene Fassungsverm\u00f6gen: 4,5 Liter \/ 9 Liter \u2013 Marineblau \u2013 Ergonomischer Griff<\/strong><\/h2>\n<p>Diese sch\u00f6ne marineblaue Zink-Gie\u00dfkanne mit pulverbeschichteter Oberfl\u00e4che verf\u00fcgt \u00fcber zwei ergonomische Griffe, damit du deine Pflanzen in der richtigen Haltung bew\u00e4ssern kannst.<\/p>\n<h3><strong>Fassungsverm\u00f6gen der Gie\u00dfkanne<\/strong><\/h3>\n<p>Die Gie\u00dfkanne ist in zwei Fassungsverm\u00f6gen erh\u00e4ltlich: 4,5 Liter und 9 Liter, und kann sowohl drinnen als auch drau\u00dfen vielseitig eingesetzt werden.<\/p>\n<h3><strong>Ma\u00dfe:<\/strong><\/h3>\n<p><strong>Gie\u00dfkanne 4,5 Liter<\/strong><\/p>\n<ul>\n<li>Breite: 40 cm<\/li>\n<li>Tiefe: 19 cm<\/li>\n<li>H\u00f6he: 26 cm<\/li>\n<\/ul>\n<p><strong>Gie\u00dfkanne 9 Liter<\/strong><\/p>\n<ul>\n<li>Breite: 52 \/ 62 cm<\/li>\n<li>Tiefe: 23 \/ 25 cm<\/li>\n<li>H\u00f6he: 29 \/ 33 cm<\/li>\n<\/ul>\n<h3><strong>Oberfl\u00e4chenverarbeitung<\/strong><\/h3>\n<p>Die Zink-Gie\u00dfkanne mit Brausekopf besitzt eine marineblaue, pulverbeschichtete Lackierung. Die Brausek\u00f6pfe der 4,5- und 9-Liter-Modelle sind in einer stilvollen kupferfarbenen Ausf\u00fchrung gestaltet.<\/p>\n<p>Dieser Gie\u00dfkannentyp ist au\u00dferdem in weiteren Farben und Fassungsverm\u00f6gen erh\u00e4ltlich. Da das Metall verzinkt ist, rostet es nicht und ist besonders langlebig.<\/p>\n<p>Zudem sieht die marineblaue Gie\u00dfkanne auf dem Balkon, der Dachterrasse oder im Garten besonders dekorativ aus.<\/p>\n<p><strong><a href=\"https:\/\/www.hetbalkonbankje.nl\/de\/produkt-kategorien\/giesen\/\">Hier alle anderen Gie\u00dfkannen ansehen!<\/a><\/strong><\/p>\n","protected":false},"excerpt":{"rendered":"<p>Stilvolle marineblaue, pulverbeschichtete Gie\u00dfkanne, erh\u00e4ltlich in den Fassungsverm\u00f6gen 4,5 Liter und 9 Liter. Die sch\u00f6ne Gie\u00dfkanne verf\u00fcgt \u00fcber zwei ergonomische Griffe, sodass du bequem und ohne Anstrengung gie\u00dfen kannst. Verzinktes Metall rostet nicht, daher h\u00e4lt diese marineblaue Zink-Gie\u00dfkanne besonders lange. Schaue dir dieses Modell auch in anderen Farben und Gr\u00f6\u00dfen an.<\/p>\n","protected":false},"featured_media":257452,"comment_status":"open","ping_status":"closed","template":"","meta":{"inline_featured_image":false,"_joinchat":[]},"product_brand":[4890],"product_cat":[1799,2559],"product_tag":[1796,2569],"class_list":{"0":"post-259305","1":"product","2":"type-product","3":"status-publish","4":"has-post-thumbnail","6":"product_brand-smart-garden-products","7":"product_cat-balkongarten","8":"product_cat-giesen","9":"product_tag-balkongarten","10":"product_tag-gieskanne","11":"product_shipping_class-klein-pakete","13":"first","14":"instock","15":"taxable","16":"shipping-taxable","17":"purchasable","18":"product-type-variable","19":"has-default-attributes"},"_links":{"self":[{"href":"https:\/\/www.hetbalkonbankje.nl\/de\/wp-json\/wp\/v2\/product\/259305","targetHints":{"allow":["GET"]}}],"collection":[{"href":"https:\/\/www.hetbalkonbankje.nl\/de\/wp-json\/wp\/v2\/product"}],"about":[{"href":"https:\/\/www.hetbalkonbankje.nl\/de\/wp-json\/wp\/v2\/types\/product"}],"replies":[{"embeddable":true,"href":"https:\/\/www.hetbalkonbankje.nl\/de\/wp-json\/wp\/v2\/comments?post=259305"}],"wp:featuredmedia":[{"embeddable":true,"href":"https:\/\/www.hetbalkonbankje.nl\/de\/wp-json\/wp\/v2\/media\/257452"}],"wp:attachment":[{"href":"https:\/\/www.hetbalkonbankje.nl\/de\/wp-json\/wp\/v2\/media?parent=259305"}],"wp:term":[{"taxonomy":"product_brand","embeddable":true,"href":"https:\/\/www.hetbalkonbankje.nl\/de\/wp-json\/wp\/v2\/product_brand?post=259305"},{"taxonomy":"product_cat","embeddable":true,"href":"https:\/\/www.hetbalkonbankje.nl\/de\/wp-json\/wp\/v2\/product_cat?post=259305"},{"taxonomy":"product_tag","embeddable":true,"href":"https:\/\/www.hetbalkonbankje.nl\/de\/wp-json\/wp\/v2\/product_tag?post=259305"}],"curies":[{"name":"wp","href":"https:\/\/api.w.org\/{rel}","templated":true}]}}