{"id":274388,"date":"2025-01-09T16:34:12","date_gmt":"2025-01-09T15:34:12","guid":{"rendered":"https:\/\/www.hetbalkonbankje.nl\/product\/standy-solar-gulvlampe-led-udendoers\/"},"modified":"2025-09-05T09:42:15","modified_gmt":"2025-09-05T07:42:15","slug":"standy-solar-gulvlampe-led-udendoers","status":"publish","type":"product","link":"https:\/\/www.hetbalkonbankje.nl\/da\/vare\/standy-solar-gulvlampe-led-udendoers\/","title":{"rendered":"Standy Solar Gulvlampe til Udend\u00f8rsbrug \u2013 LED D\u00e6mpbar \u2013 Solenergi eller Adapter \u2013 Metalfod \u2013 Varm Hvid \u2013 150 cm"},"content":{"rendered":"<h2><strong>Standy Solar gulvlampe til udend\u00f8rsbrug \u2013 Solenergi eller adapter \u2013 LED lys \u2013 Genopladelig og d\u00e6mpbar \u2013 Med metalfod \u2013 Varm hvid \u2013 H\u00f8jde 150 cm<\/strong><\/h2>\n<h3><strong>LED solgulvlampe til udend\u00f8rsbrug<\/strong><\/h3>\n<p> Lumisky Standy Solar 150 cm er en varm hvid LED solgulvlampe designet til udend\u00f8rs brug. Denne solgulvlampe drives af solenergi og har en d\u00e6mper, der giver mulighed for justering af lysintensiteten. Lampen skiller sig ud med sit moderne og elegante design samt en driftstid p\u00e5 op til 5 timer ved fuld lysstyrke. Denne fritst\u00e5ende solgulvlampe tilf\u00f8rer et trendy og unikt touch til din udend\u00f8rsplads. Ideel som designlampe, dekorativ belysning eller til at skabe stemning ved fester. <\/p>\n<h3><strong>Udend\u00f8rs og indend\u00f8rs brug<\/strong><\/h3>\n<p> Standy Solar 150 cm solgulvlampen kan oplades via solcellepanel eller USB-kabel. Lampen oplades hurtigt og kan bruges overalt efter opladning, b\u00e5de ude og inde. Uanset om du har brug for en solcelledrevet udend\u00f8rslampe til altanen, terrassen eller en dekorativ lampe til stuen, tilpasser Standy Solar 150 sig alle situationer. <\/p>\n<h3><strong>Driftstid<\/strong><\/h3>\n<p> N\u00e5r Standy Solar 150 cm er fuldt opladet, kan den lyse op til n\u00e6sten 5 timer. Den samlede opladningstid via den medf\u00f8lgende adapter er mellem 6 og 8 timer. <\/p>\n<h3><strong>D\u00e6mperfunktion<\/strong><\/h3>\n<p> Standy Solar 150 gulvlampen har variabel lysstyrke, der kan justeres i flere trin, s\u00e5 du kan tilpasse lysintensiteten efter behov. Lampen yder en lysstyrke p\u00e5 over 250 lumen og skaber et behageligt og funktionelt lysmilj\u00f8. <\/p>\n<h3><strong>Praktisk, holdbar og smuk<\/strong><\/h3>\n<p> Lampesk\u00e6rmen p\u00e5 Standy Solar 150 er lavet af polyethylen, hvilket g\u00f8r lampen vandafvisende (IP44) og UV-bestandig. Lampens fod er lavet af st\u00e5l, hvilket sikrer stabilitet og lang holdbarhed. Med sine 150 cm i h\u00f8jden og 34 cm i bredden er denne designlampe b\u00e5de robust og \u00e6stetisk tiltalende.<\/p>\n","protected":false},"excerpt":{"rendered":"<p>Standy Solar 150 cm er en elegant LED solgulvlampe til b\u00e5de udend\u00f8rs og indend\u00f8rs brug. Den har varm hvidt lys, justerbar lysstyrke, metalfod og kan oplades via solenergi eller adapter. Vand- og UV-bestandig, perfekt til terrasse, altan eller stue.<\/p>\n","protected":false},"featured_media":269998,"comment_status":"open","ping_status":"closed","template":"","meta":{"inline_featured_image":false,"_joinchat":[]},"product_brand":[],"product_cat":[2737],"product_tag":[4631,4630,4610,4629,2791],"class_list":{"0":"post-274388","1":"product","2":"type-product","3":"status-publish","4":"has-post-thumbnail","6":"product_cat-altanbelysning","7":"product_tag-altanlampe","8":"product_tag-gulvlampe","9":"product_tag-solcellelampe","10":"product_tag-solenergi","11":"product_tag-udendoerslampe","12":"product_shipping_class-kleine-dozen-da","14":"first","15":"instock","16":"taxable","17":"shipping-taxable","18":"purchasable","19":"product-type-simple"},"_links":{"self":[{"href":"https:\/\/www.hetbalkonbankje.nl\/da\/wp-json\/wp\/v2\/product\/274388","targetHints":{"allow":["GET"]}}],"collection":[{"href":"https:\/\/www.hetbalkonbankje.nl\/da\/wp-json\/wp\/v2\/product"}],"about":[{"href":"https:\/\/www.hetbalkonbankje.nl\/da\/wp-json\/wp\/v2\/types\/product"}],"replies":[{"embeddable":true,"href":"https:\/\/www.hetbalkonbankje.nl\/da\/wp-json\/wp\/v2\/comments?post=274388"}],"wp:featuredmedia":[{"embeddable":true,"href":"https:\/\/www.hetbalkonbankje.nl\/da\/wp-json\/wp\/v2\/media\/269998"}],"wp:attachment":[{"href":"https:\/\/www.hetbalkonbankje.nl\/da\/wp-json\/wp\/v2\/media?parent=274388"}],"wp:term":[{"taxonomy":"product_brand","embeddable":true,"href":"https:\/\/www.hetbalkonbankje.nl\/da\/wp-json\/wp\/v2\/product_brand?post=274388"},{"taxonomy":"product_cat","embeddable":true,"href":"https:\/\/www.hetbalkonbankje.nl\/da\/wp-json\/wp\/v2\/product_cat?post=274388"},{"taxonomy":"product_tag","embeddable":true,"href":"https:\/\/www.hetbalkonbankje.nl\/da\/wp-json\/wp\/v2\/product_tag?post=274388"}],"curies":[{"name":"wp","href":"https:\/\/api.w.org\/{rel}","templated":true}]}}