{"id":265021,"date":"2024-01-15T13:44:14","date_gmt":"2024-01-15T12:44:14","guid":{"rendered":"https:\/\/www.hetbalkonbankje.nl\/product\/antracit-balkonskaerm-90-cm-x-5-m\/"},"modified":"2024-01-15T14:21:22","modified_gmt":"2024-01-15T13:21:22","slug":"antracit-altanskaerm-90-cm-x-5-m","status":"publish","type":"product","link":"https:\/\/www.hetbalkonbankje.nl\/da\/vare\/antracit-altanskaerm-90-cm-x-5-m\/","title":{"rendered":"Antracit altansk\u00e6rm. 90 cm x 5 m. UV-stabiliseret. Fremstillet af polyethylen. Inklusiv monteringsmateriale."},"content":{"rendered":"<h2><strong>Antracitfarvet altansk\u00e6rm. 90 cm x 5 m. UV-stabiliseret. Fremstillet af Polyethylen. Inkluderer Monteringsmateriale<\/strong><\/h2>\n<p>Opdag denne h\u00f8jkvalitets antracit altanskaerm i smuk m\u00f8rk farve, den perfekte l\u00f8sning til mere privatliv p\u00e5 din balkon. Stop nysgerrige naboers blikke. Denne brugervenlige altanskaerm kommer i en praktisk b\u00e6retaske og er ideel til at g\u00f8re balkoner med tremmer uigennemsigtige, hvilket forhindrer u\u00f8nsket indkig.<br \/>\nTakket v\u00e6re de medf\u00f8lgende monteringsmaterialer, s\u00e5som strips, er denne antracitfarvede altanskaerm nem at montere. Altansk\u00e6rmen er udstyret med metal\u00f8jne hver 55 cm (center til center), hvilket sikrer en st\u00e6rk og holdbar fastg\u00f8relse.<\/p>\n<p>En vigtig funktion ved denne antracitfarvede altanskaerm er UV-stabiliseringen. UV-stabilisering er en proces, hvor materialet behandles med specielle tils\u00e6tningsstoffer, der beskytter mod skadelige ultraviolette (UV) str\u00e5ler. Denne behandling hj\u00e6lper stoffet med at bevare sin farve og styrke, selv efter lang tids eksponering for sollys, hvilket g\u00f8r det til et ideelt valg til udend\u00f8rs brug.<\/p>\n<p>Ved at v\u00e6lge vores UV-stabiliserede altanskaerm, v\u00e6lger du et produkt, der ikke kun forbedrer privatlivet p\u00e5 din balkon, men ogs\u00e5 er modstandsdygtig over for elementerne, hvilket g\u00f8r det til et holdbart og p\u00e5lideligt valg for din balkon.<\/p>\n","protected":false},"excerpt":{"rendered":"<p>For\u00f8g privatlivet p\u00e5 din balkon med dette stilfulde antracitfarvede altanskaerm installere med de medf\u00f8lgende strips og udstyret med holdbare metal\u00f8jne, tilbyder den effektiv beskyttelse mod u\u00f8nsket indkig. Takket v\u00e6re UV-stabiliseringen beholder det antracitfarvede altank\u00e6rmen sin farve og styrke, selv efter lang tids uds\u00e6ttelse for sollys. Ideel til langvarig udend\u00f8rs brug, er dette sk\u00e6rm et p\u00e5lideligt valg for enhver balkonindstilling.<\/p>\n","protected":false},"featured_media":265010,"comment_status":"closed","ping_status":"closed","template":"","meta":{"inline_featured_image":false,"_joinchat":[]},"product_brand":[],"product_cat":[3898],"product_tag":[],"class_list":{"0":"post-265021","1":"product","2":"type-product","3":"status-publish","4":"has-post-thumbnail","6":"product_cat-altanskaerm","7":"product_shipping_class-kleine-dozen-da","9":"first","10":"instock","11":"taxable","12":"shipping-taxable","13":"purchasable","14":"product-type-simple"},"_links":{"self":[{"href":"https:\/\/www.hetbalkonbankje.nl\/da\/wp-json\/wp\/v2\/product\/265021","targetHints":{"allow":["GET"]}}],"collection":[{"href":"https:\/\/www.hetbalkonbankje.nl\/da\/wp-json\/wp\/v2\/product"}],"about":[{"href":"https:\/\/www.hetbalkonbankje.nl\/da\/wp-json\/wp\/v2\/types\/product"}],"replies":[{"embeddable":true,"href":"https:\/\/www.hetbalkonbankje.nl\/da\/wp-json\/wp\/v2\/comments?post=265021"}],"wp:featuredmedia":[{"embeddable":true,"href":"https:\/\/www.hetbalkonbankje.nl\/da\/wp-json\/wp\/v2\/media\/265010"}],"wp:attachment":[{"href":"https:\/\/www.hetbalkonbankje.nl\/da\/wp-json\/wp\/v2\/media?parent=265021"}],"wp:term":[{"taxonomy":"product_brand","embeddable":true,"href":"https:\/\/www.hetbalkonbankje.nl\/da\/wp-json\/wp\/v2\/product_brand?post=265021"},{"taxonomy":"product_cat","embeddable":true,"href":"https:\/\/www.hetbalkonbankje.nl\/da\/wp-json\/wp\/v2\/product_cat?post=265021"},{"taxonomy":"product_tag","embeddable":true,"href":"https:\/\/www.hetbalkonbankje.nl\/da\/wp-json\/wp\/v2\/product_tag?post=265021"}],"curies":[{"name":"wp","href":"https:\/\/api.w.org\/{rel}","templated":true}]}}