{"id":264236,"date":"2023-04-25T13:48:44","date_gmt":"2023-04-25T11:48:44","guid":{"rendered":"https:\/\/www.hetbalkonbankje.nl\/product\/altanskammel-og-altanopbevaringskasse-beskyttelsesovertraek\/"},"modified":"2026-01-30T11:43:46","modified_gmt":"2026-01-30T10:43:46","slug":"altanskammel-og-altanopbevaringskasse-beskyttelsesovertraek","status":"publish","type":"product","link":"https:\/\/www.hetbalkonbankje.nl\/da\/vare\/altanskammel-og-altanopbevaringskasse-beskyttelsesovertraek\/","title":{"rendered":"Altanskammel og altanopbevaringskasse beskyttelsesovertr\u00e6k. St\u00e6rkt materiale og holdbart. Vandafvisende og premium bel\u00e6gning. V\u00e6lg din st\u00f8rrelse!"},"content":{"rendered":"<h2><strong>Altanskammel og altanopbevaringskasse beskyttelsesovertr\u00e6k. St\u00e6rkt materiale og holdbart. Vandafvisende og premium bel\u00e6gning. V\u00e6lg din st\u00f8rrelse!<\/strong><\/h2>\n<p>Ved at bruge et vandafvisende og slidst\u00e6rkt beskyttelsesovertr\u00e6k af 400DS polyester bliver <strong><a href=\"https:\/\/www.hetbalkonbankje.nl\/da\/vare-kategori\/altanskammel\/\">altanskammel<\/a><\/strong> eller <strong><a href=\"https:\/\/www.hetbalkonbankje.nl\/da\/vare-kategori\/altanopbevaringskasser\/\">altanopbevaringskasse<\/a><\/strong> maksimalt beskyttet mod p\u00e5virkninger fra vejrforhold og daglig brug.<\/p>\n<p>Da vejrforhold som fugt, UV-str\u00e5ling og vind p\u00e5virker tr\u00e6, der er placeret udend\u00f8rs, giver en hocker eller balkonkist beskyttelsesovertr\u00e6k ekstra beskyttelse, is\u00e6r i kolde og v\u00e5de m\u00e5neder.<\/p>\n<h3><strong>Egenskaber og brugstips<\/strong><\/h3>\n<ul>\n<li><strong>Vandafvisende.<\/strong> Da (teak)tr\u00e6 er et naturligt materiale, er det f\u00f8lsomt over for langvarig uds\u00e6ttelse for vand og fugt. Ved at bruge et vandafvisende overtr\u00e6k af 400DS polyester kan vand og fugt frast\u00f8des, og hockeren eller balkonkisten beskyttes maksimalt. Vandafvisning kan ogs\u00e5 opn\u00e5s ved at behandle tr\u00e6et, f.eks. med <strong>Teak Sealer<\/strong> eller <strong>Rubio Monocoat Hybrid Wood Protector<\/strong>. Ved at bruge b\u00e5de et overtr\u00e6k af 400DS polyester og behandle teaktr\u00e6et f\u00e5r du maksimal beskyttelse, da vand ikke t\u00f8rrer p\u00e5 tr\u00e6et, og snavs og til sidst algev\u00e6kst og tilsmudsning undg\u00e5s.<\/li>\n<li><strong>Vandt\u00e6t.<\/strong> Hockeren eller balkonkisten er standard ikke 100% vandt\u00e6t. Med et beskyttelsesovertr\u00e6k g\u00f8r du hockeren vandt\u00e6t, samtidig med at indholdet forbliver ventileret.<br \/>\nBEM\u00c6RK: Det er dog vigtigt, at vand kan l\u00f8be v\u00e6k. Hvis vand ikke kan l\u00f8be v\u00e6k, vil du opleve vandposer. Hvis vandet st\u00e5r i lang tid, kan det begynde at l\u00e6kke. Undg\u00e5 derfor ogs\u00e5, at overtr\u00e6kket er i direkte kontakt med hockeren eller balkonkistens puder. Hvis hockerens eller balkonkistens puder sidder mod overtr\u00e6kket, kan beskyttelsesovertr\u00e6kket blive fugtigt. S\u00f8mmene er modstandsdygtige over for st\u00e6nk. Da s\u00f8mmene er forsynet med PVC-tape, forhindres gennemtr\u00e6ngning. S\u00f8mmene kan desv\u00e6rre aldrig g\u00f8res 100% vandt\u00e6tte.<\/li>\n<li><strong>Kondensdannelse.<\/strong> Under hockerens eller balkonkistens beskyttelsesovertr\u00e6k kan der forekomme kondensdannelse. Kondensdannelse opst\u00e5r p\u00e5 grund af temperatur\u00e6ndringer. Dette kan f\u00e5 hockeren eller balkonkisten og puden under beskyttelsesovertr\u00e6kket til at blive v\u00e5d. S\u00f8rg derfor for at lufte beskyttelsesovertr\u00e6kket regelm\u00e6ssigt. S\u00f8rg ogs\u00e5 for, at beskyttelsesovertr\u00e6kket ikke er i direkte kontakt med pladen. Dette forhindrer dannelse af fugtpletter som f\u00f8lge af kondens.<\/li>\n<li><strong>Forhindrer gr\u00e5nelse.<\/strong> Beskyttelse mod UV-str\u00e5ling: Hvis (teak)tr\u00e6 uds\u00e6ttes for UV-str\u00e5ling i lang tid, mister det sit pigment p\u00e5 8 til 12 m\u00e5neder og vil blive gr\u00e5t. Ved at anvende et beskyttelsesovertr\u00e6k gr\u00e5nes tr\u00e6et meget langsommere. Gr\u00e5nelse kan ogs\u00e5 forhindres med tr\u00e6behandling som f.eks. <strong>Teak Sealer<\/strong> eller <strong>Rubio Monocoat Hybrid Wood Protector<\/strong>. Ved at bruge b\u00e5de et polyesterbeskyttelsesovertr\u00e6k og behandle teaktr\u00e6et f\u00e5r du maksimal beskyttelse mod UV-str\u00e5ling, og gr\u00e5nelse elimineres.<\/li>\n<li><strong>Premium PU-bel\u00e6gning.<\/strong> Hockerens eller balkonkistens beskyttelsesovertr\u00e6k er udstyret med en premium PU-bel\u00e6gning, som er afg\u00f8rende for vandt\u00e6thed og levetid for beskyttelsesovertr\u00e6kket. PU st\u00e5r for polyurethan. Hockerens eller balkonkistens beskyttelsesovertr\u00e6k er dobbeltbelagt med PU-bel\u00e6gning p\u00e5 indersiden. Bel\u00e6gningen sikrer, at beskyttelsesovertr\u00e6kkene er vandafvisende, og bel\u00e6gningen g\u00f8r ogs\u00e5, at beskyttelsesovertr\u00e6kkene er flammeh\u00e6mmende og har UV-beskyttelse. Produkter med polyurethan er sikkert for babyer, b\u00f8rn og voksne ved normal brug. Hvis du vil vide, om polyurethan findes i et specifikt produkt, skal du kigge p\u00e5 emballagen eller sp\u00f8rge producenten. <strong><a href=\"https:\/\/waarzitwatin.nl\/stoffen\/polyurethaan#:~:text=Producten%20met%20polyurethaan%20zijn%20bij%20normaal%20gebruik%20veilig%20voor%20baby&#039;s,het%20na%20bij%20de%20producent.\" target=\"_blank\" rel=\"noopener\">Se denne side p\u00e5 waarzitwatin.nl for mere information om PU-bel\u00e6gning.<\/a><\/strong><\/li>\n<li><strong>Finhed af stoffet.<\/strong> 400DS. &#8220;D&#8221; st\u00e5r for denier. Denier er en m\u00e5leenhed for finheden af den anvendte tr\u00e5d. Jo h\u00f8jere denier, desto st\u00e6rkere og mere holdbart er materialet.<\/li>\n<li><span style=\"color: #333333;\"><span style=\"color: #333333;\"><strong>Vandkolonnev\u00e6rdi.<\/strong> 5000 mm. Dette betyder, at hockerens eller balkonkistens beskyttelsesovertr\u00e6k er fuldst\u00e6ndig vandt\u00e6t i regn og modstandsdygtig over for mange former for tryk. F\u00f8rst ved meget h\u00f8jt tryk, f.eks. ved langvarig belastning med noget tungt, begynder materialet at l\u00e6kke. Hold derfor overtr\u00e6kket fri for genstande.<\/span><\/span><\/li>\n<li><strong>Kleurechtheid.<\/strong> Hockerens beskyttelsesovertr\u00e6k er lavet af solution dyed oxford fabric. Dette betyder, at hockerens eller balkonkistens beskyttelsesovertr\u00e6k kan begynde at \u00e6ndre farve efter cirka 2 \u00e5r.<\/li>\n<li><strong>UV-beskyttelse.<\/strong> UV-50<\/li>\n<li><strong>Flammeh\u00e6mmende.<\/strong> CPAI-84<\/li>\n<li><strong>Standardmuligheder.<\/strong> Hockerens eller balkonkistens beskyttelsesovertr\u00e6k leveres med elastiksnor eller snor i kanten for at sikre en t\u00e6t bund, ventilationshuller, rustfri st\u00e5lbeslag og en opbevaringstaske til at opbevare hockerens eller balkonkistens beskyttelsesovertr\u00e6k p\u00e6nt.<\/li>\n<\/ul>\n","protected":false},"excerpt":{"rendered":"<p>Duurzame hocker of balkonkist beschermhoes gemaakt van slijtvast en kleurecht 400DS polyester en voorzien van een premium PU coating<\/strong><\/h2>\n<p>Een beschermhoes beschermt jouw teakhouten balkonhocker of balkonkist door het hout te beschermen tegen invloed door dagelijks gebruik en de weerelementen.<\/p>\n","protected":false},"featured_media":261427,"comment_status":"open","ping_status":"closed","template":"","meta":{"inline_featured_image":false,"_joinchat":[]},"product_brand":[],"product_cat":[2739,2752],"product_tag":[2762,2781],"class_list":{"0":"post-264236","1":"product","2":"type-product","3":"status-publish","4":"has-post-thumbnail","6":"product_cat-beskyttelsesovertraek","7":"product_cat-vedligeholdelse-og-beskyttelse","8":"product_tag-altanhocker","9":"product_tag-beskyttelsesovertraek","10":"product_shipping_class-onderhoudsmiddelen-da","12":"first","13":"instock","14":"taxable","15":"shipping-taxable","16":"purchasable","17":"product-type-variable","18":"has-default-attributes"},"_links":{"self":[{"href":"https:\/\/www.hetbalkonbankje.nl\/da\/wp-json\/wp\/v2\/product\/264236","targetHints":{"allow":["GET"]}}],"collection":[{"href":"https:\/\/www.hetbalkonbankje.nl\/da\/wp-json\/wp\/v2\/product"}],"about":[{"href":"https:\/\/www.hetbalkonbankje.nl\/da\/wp-json\/wp\/v2\/types\/product"}],"replies":[{"embeddable":true,"href":"https:\/\/www.hetbalkonbankje.nl\/da\/wp-json\/wp\/v2\/comments?post=264236"}],"wp:featuredmedia":[{"embeddable":true,"href":"https:\/\/www.hetbalkonbankje.nl\/da\/wp-json\/wp\/v2\/media\/261427"}],"wp:attachment":[{"href":"https:\/\/www.hetbalkonbankje.nl\/da\/wp-json\/wp\/v2\/media?parent=264236"}],"wp:term":[{"taxonomy":"product_brand","embeddable":true,"href":"https:\/\/www.hetbalkonbankje.nl\/da\/wp-json\/wp\/v2\/product_brand?post=264236"},{"taxonomy":"product_cat","embeddable":true,"href":"https:\/\/www.hetbalkonbankje.nl\/da\/wp-json\/wp\/v2\/product_cat?post=264236"},{"taxonomy":"product_tag","embeddable":true,"href":"https:\/\/www.hetbalkonbankje.nl\/da\/wp-json\/wp\/v2\/product_tag?post=264236"}],"curies":[{"name":"wp","href":"https:\/\/api.w.org\/{rel}","templated":true}]}}