{"id":263050,"date":"2023-08-07T16:29:46","date_gmt":"2023-08-07T14:29:46","guid":{"rendered":"https:\/\/www.hetbalkonbankje.nl\/product\/traegrontsagsdyrkningsspand-pa-ben\/"},"modified":"2025-09-24T13:34:22","modified_gmt":"2025-09-24T11:34:22","slug":"traegrontsagsdyrkningsspand-pa-ben","status":"publish","type":"product","link":"https:\/\/www.hetbalkonbankje.nl\/da\/vare\/traegrontsagsdyrkningsspand-pa-ben\/","title":{"rendered":"Tr\u00e6gr\u00f8ntsagsdyrkningsspand p\u00e5 ben. Lavet af b\u00e6redygtigt l\u00e6rketr\u00e6. 80 cm bred og h\u00f8j, og f\u00e5s i flere l\u00e6ngder (120 og 160 cm)."},"content":{"rendered":"<h2><strong>Tr\u00e6gr\u00f8ntsagsdyrkningsspand p\u00e5 ben. Lavet af b\u00e6redygtigt l\u00e6rketr\u00e6. 80 cm bred og h\u00f8j. I flere l\u00e6ngder: 120 og 160 cm.<\/strong><\/h2>\n<p>Dette super\u00f8kologiske tr\u00e6gr\u00f8ntsagsdyrkningsspand p\u00e5 ben er lavet af b\u00e6redygtigt l\u00e6rketr\u00e6 fra velplejede europ\u00e6iske skovplantager.<\/p>\n<ul>\n<li>Vandt\u00e6t indvendig foring med irrigation for at fremme v\u00e6ksten af dine planter, krydderurter og gr\u00f8ntsager.<\/li>\n<\/ul>\n<h3><strong>M\u00e5l og indhold af tr\u00e6gr\u00f8ntsagsdyrkningsspand p\u00e5 ben<\/strong><\/h3>\n<ul>\n<li>Bredde: 80 cm<\/li>\n<li>Dybde\/L\u00e6ngde: V\u00e6lg mellem 120 eller 160 cm<\/li>\n<li>H\u00f8jde: 80 cm<\/li>\n<\/ul>\n","protected":false},"excerpt":{"rendered":"<p>Denne praktiske gr\u00f8ntsagsdyrkningsskasse p\u00e5 ben, der er 80 cm bred, er lavet af naturligt b\u00e6redygtigt l\u00e6rketr\u00e6. V\u00e6lg mellem l\u00e6ngderne 120 eller 160 cm. P\u00e5 grund af den praktiske h\u00f8jde p\u00e5 80 cm beh\u00f8ver du ikke l\u00e6ngere b\u00f8je dig. P\u00e5 grund af de kompakte dimensioner kan den tr\u00e6baserede dyrkningskasse nemt placeres p\u00e5 altanen eller tagterrassen.<\/p>\n","protected":false},"featured_media":261464,"comment_status":"open","ping_status":"closed","template":"","meta":{"inline_featured_image":false,"_joinchat":[]},"product_brand":[],"product_cat":[2736,2747],"product_tag":[2771,2806],"class_list":{"0":"post-263050","1":"product","2":"type-product","3":"status-publish","4":"has-post-thumbnail","6":"product_cat-altanhave","7":"product_cat-dyrkningsborde-og-plantekasser","8":"product_tag-altanhave","9":"product_tag-plantebed","10":"product_shipping_class-jagram-klein-da","12":"first","13":"instock","14":"taxable","15":"shipping-taxable","16":"purchasable","17":"product-type-variable","18":"has-default-attributes"},"_links":{"self":[{"href":"https:\/\/www.hetbalkonbankje.nl\/da\/wp-json\/wp\/v2\/product\/263050","targetHints":{"allow":["GET"]}}],"collection":[{"href":"https:\/\/www.hetbalkonbankje.nl\/da\/wp-json\/wp\/v2\/product"}],"about":[{"href":"https:\/\/www.hetbalkonbankje.nl\/da\/wp-json\/wp\/v2\/types\/product"}],"replies":[{"embeddable":true,"href":"https:\/\/www.hetbalkonbankje.nl\/da\/wp-json\/wp\/v2\/comments?post=263050"}],"wp:featuredmedia":[{"embeddable":true,"href":"https:\/\/www.hetbalkonbankje.nl\/da\/wp-json\/wp\/v2\/media\/261464"}],"wp:attachment":[{"href":"https:\/\/www.hetbalkonbankje.nl\/da\/wp-json\/wp\/v2\/media?parent=263050"}],"wp:term":[{"taxonomy":"product_brand","embeddable":true,"href":"https:\/\/www.hetbalkonbankje.nl\/da\/wp-json\/wp\/v2\/product_brand?post=263050"},{"taxonomy":"product_cat","embeddable":true,"href":"https:\/\/www.hetbalkonbankje.nl\/da\/wp-json\/wp\/v2\/product_cat?post=263050"},{"taxonomy":"product_tag","embeddable":true,"href":"https:\/\/www.hetbalkonbankje.nl\/da\/wp-json\/wp\/v2\/product_tag?post=263050"}],"curies":[{"name":"wp","href":"https:\/\/api.w.org\/{rel}","templated":true}]}}