{"id":262986,"date":"2020-03-18T14:39:05","date_gmt":"2020-03-18T13:39:05","guid":{"rendered":"https:\/\/www.hetbalkonbankje.nl\/product\/blomsterpottevaegstativ-horisontal-60-x-30-cm-eller-vertikal-30-x-60-cm\/"},"modified":"2026-03-24T12:06:17","modified_gmt":"2026-03-24T11:06:17","slug":"blomsterpottevaegstativ-30-x-60-cm","status":"publish","type":"product","link":"https:\/\/www.hetbalkonbankje.nl\/da\/vare\/blomsterpottevaegstativ-30-x-60-cm\/","title":{"rendered":"Blomsterpottev\u00e6gstativ &#8211; Horisontal 60 x 30 cm eller Vertikal 30 x 60 cm."},"content":{"rendered":"<h2><strong>Om dette tr\u00e6blomsterpottev\u00e6gstativ p\u00e5 60 x 30 cm<\/strong><\/h2>\n<p>Dette praktiske lille tr\u00e6blomsterpottev\u00e6gstativ h\u00e6nger nemt p\u00e5 v\u00e6ggen. V\u00e6lg mellem et vandret eller lodret blomsterpottev\u00e6gstativ. P\u00e5 bagsiden er der rustfrie spor, s\u00e5 du nemt kan h\u00e6nge v\u00e6gstativet op med s\u00f8m eller skruer. H\u00e6ng for eksempel s\u00f8de blomsterpotter op eller lad smukke klatreplanter som roser eller vedbend vokse op ad det.<\/p>\n<h3 style=\"color: #000000;\"><strong style=\"font-weight: bolder;\">Se produktvideoen af blomsterpottev\u00e6gstativet p\u00e5 vores YouTube-kanal.<\/strong><\/h3>\n<p><iframe loading=\"lazy\" title=\"Teakhouten planten wandrek - 30 x 60 cm\" width=\"1020\" height=\"574\" src=\"https:\/\/www.youtube.com\/embed\/hmNF6zuXy8o?feature=oembed\" frameborder=\"0\" allow=\"accelerometer; autoplay; clipboard-write; encrypted-media; gyroscope; picture-in-picture; web-share\" allowfullscreen><\/iframe><\/p>\n<h3><strong>S\u00e5dan behandler du blomsterpottev\u00e6gstativet bedst<\/strong><\/h3>\n<p>Hvis du beslutter at h\u00e6nge blomsterpottev\u00e6gstativet udenfor eller i direkte sollys, vil det miste sin farve. For at forhindre dette anbefales det at behandle blomsterpottev\u00e6gstativet med <a href=\"https:\/\/www.hetbalkonbankje.nl\/da\/vare\/rubio-monocoat-hybrid-wood-protector-vaelg-mellem-20-farver\/\"><strong>Rubio Monocoat Hybrid Wood Protector<\/strong><\/a> i en valgfri farve eller <strong><a href=\"https:\/\/www.hetbalkonbankje.nl\/da\/vare\/teak-sealer\/\">Teak Sealer fra Teak Wonder.<\/a><\/strong><\/p>\n<h3><strong>Findes blomsterpottev\u00e6gstativet i andre st\u00f8rrelser?<\/strong><\/h3>\n<ul>\n<li><a href=\"https:\/\/www.hetbalkonbankje.nl\/da\/vare\/blomsterpottevaegstativ-30-x-90-cm\/\"><b>Tr\u00e6blomsterpottev\u00e6gstativ: 30 x 90 cm og 90 x 30 cm<\/b><\/a><\/li>\n<li><strong><a href=\"https:\/\/www.hetbalkonbankje.nl\/da\/vare\/blomsterpottevaegstativ-30-x-120-cm\/\">Tr\u00e6blomsterpottev\u00e6gstativ: 30 x 120 cm og 120 x 30 cm<\/a><\/strong><\/li>\n<li><strong><a href=\"https:\/\/www.hetbalkonbankje.nl\/da\/vare\/blomsterpottevaegstativ-30-x-150-cm\/\">Tr\u00e6blomsterpottev\u00e6gstativ: 30 x 150 cm og 150 x 30 cm<\/a><\/strong><\/li>\n<\/ul>\n<h3><strong>Produktspecifikationer:<\/strong><\/h3>\n<ul>\n<li>Tr\u00e6sort: teaktr\u00e6<\/li>\n<li>Oph\u00e6ngsspor p\u00e5 bagsiden<\/li>\n<\/ul>\n<h3><strong>M\u00e5l afh\u00e6ngig af form: vandret eller lodret<\/strong><\/h3>\n<ul>\n<li>H\u00f8jde: 60 eller 30 cm<\/li>\n<li>Bredde: 60 eller 30 cm<\/li>\n<li>Dybde: 3 cm<\/li>\n<li>Afstand mellem lamellerne: 3 cm<\/li>\n<\/ul>\n<h3><strong>Opfrisk din altan<\/strong><\/h3>\n<p>Hvis du leder efter at forny din altan, s\u00e5 tjek vores <strong><a href=\"https:\/\/www.hetbalkonbankje.nl\/da\/vare-kategori\/altanbaenke\/\">altanb\u00e6nke,<\/a><\/strong> <strong><a href=\"https:\/\/www.hetbalkonbankje.nl\/da\/vare-kategori\/altanskammel\/\">altanskammel,<\/a> <a href=\"https:\/\/www.hetbalkonbankje.nl\/da\/vare-kategori\/udendorstaepper\/\">udendorstaepper<\/a><\/strong> og <strong><a href=\"https:\/\/www.hetbalkonbankje.nl\/da\/vare-kategori\/altanbelysning\/\">altanbelysning<\/a><\/strong>.<\/p>\n<p><script type=\"application\/ld+json\">\n{\n  \"@context\": \"https:\/\/schema.org\",\n  \"@type\": \"VideoObject\",\n  \"name\": \"Teakhouten planten wandrek - 60 x 30 cm en 30 x 60 cm\",\n  \"description\": \"Vergroen je balkon en cre\u00eber een balkontuin met deze teakhouten planten wandrek van 30 x 60 cm. Hang er grote en kleine bloempotten aan en experimenteer met groente, fruit en planten. Deze planten wandrek is verkrijgbaar in een horizontale en verticale vorm en in verschillende maten.<\/p>\n<\/p>\n<\/p>\n<\/p>\n<\/p>\n<\/p>\n<\/p>\n<\/p>\n<\/p>\n<\/p>\n<\/p>\n<\/p>\n<\/p>\n<\/p>\n<\/p>\n<\/p>\n<\/p>\n<\/p>\n<\/p>\n<\/p>\n<\/p>\n<\/p>\n<\/p>\n<\/p>\n<\/p>\n<\/p>\n<\/p>\n<\/p>\n<\/p>\n<\/p>\n<\/p>\n<\/p>\n<\/p>\n<\/p>\n<\/p>\n<\/p>\n<\/p>\n<\/p>\n<\/p>\n<\/p>\n<\/p>\n<\/p>\n<\/p>\n<\/p>\n<\/p>\n<\/p>\n<\/p>\n<\/p>\n<\/p>\n<\/p>\n<\/p>\n<\/p>\n<\/p>\n<\/p>\n<\/p>\n<\/p>\n<\/p>\n<\/p>\n<\/p>\n<\/p>\n<\/p>\n<\/p>\n<\/p>\n<\/p>\n<\/p>\n<p>Bekijk hier alle planten wandrekken:\nhttps:\/\/www.hetbalkonbankje.nl\/product-categorie\/planten-wandrekken\/\",\n  \"thumbnailUrl\": [\n    \"https:\/\/www.hetbalkonbankje.nl\/wp-content\/uploads\/2020\/03\/30-x-60-cm-510x680.jpeg\",\n    \"\"\n  ],\n  \"uploadDate\": \"2021-08-20\",\n  \"duration\": \"PT0M16S\",\n  \"contentUrl\": \"https:\/\/www.youtube.com\/shorts\/hmNF6zuXy8o\",\n  \"embedUrl\": \"https:\/\/www.youtube.com\/shorts\/hmNF6zuXy8o\",\n  \"potentialAction\": {\n    \"@type\": \"SeekToAction\",\n    \"target\": \"https:\/\/www.youtube.com\/shorts\/hmNF6zuXy8o={seek_to_second_number}\",\n    \"startOffset-input\": \"required name=seek_to_second_number\"\n  }\n}\n<\/script><\/p>\n","protected":false},"excerpt":{"rendered":"<p>V\u00e6lg mellem en vandret eller lodret teaktr\u00e6splantev\u00e6gstativ p\u00e5 enten 60 x 30 cm eller 30 x 60 cm. Denne praktiske plantestige er velegnet til b\u00e5de en indvendig og udvendig v\u00e6g. Plantev\u00e6gstativet har p\u00e5 bagsiden to oph\u00e6ngsspor, hvorfra det kan fastg\u00f8res usynligt til v\u00e6ggen.<\/p>\n","protected":false},"featured_media":260878,"comment_status":"open","ping_status":"closed","template":"","meta":{"inline_featured_image":false,"_joinchat":[]},"product_brand":[4559],"product_cat":[2736,2753,3946],"product_tag":[2838,2837],"class_list":{"0":"post-262986","1":"product","2":"type-product","3":"status-publish","4":"has-post-thumbnail","6":"product_brand-balkonbank","7":"product_cat-altanhave","8":"product_cat-blomsterpottevaegstativ","9":"product_cat-vertikalt-havearbejde","10":"product_tag-plante-vaegreoler","11":"product_tag-plantehylde","12":"product_shipping_class-kleine-dozen-da","14":"first","15":"instock","16":"taxable","17":"shipping-taxable","18":"purchasable","19":"product-type-variable","20":"has-default-attributes"},"_links":{"self":[{"href":"https:\/\/www.hetbalkonbankje.nl\/da\/wp-json\/wp\/v2\/product\/262986","targetHints":{"allow":["GET"]}}],"collection":[{"href":"https:\/\/www.hetbalkonbankje.nl\/da\/wp-json\/wp\/v2\/product"}],"about":[{"href":"https:\/\/www.hetbalkonbankje.nl\/da\/wp-json\/wp\/v2\/types\/product"}],"replies":[{"embeddable":true,"href":"https:\/\/www.hetbalkonbankje.nl\/da\/wp-json\/wp\/v2\/comments?post=262986"}],"wp:featuredmedia":[{"embeddable":true,"href":"https:\/\/www.hetbalkonbankje.nl\/da\/wp-json\/wp\/v2\/media\/260878"}],"wp:attachment":[{"href":"https:\/\/www.hetbalkonbankje.nl\/da\/wp-json\/wp\/v2\/media?parent=262986"}],"wp:term":[{"taxonomy":"product_brand","embeddable":true,"href":"https:\/\/www.hetbalkonbankje.nl\/da\/wp-json\/wp\/v2\/product_brand?post=262986"},{"taxonomy":"product_cat","embeddable":true,"href":"https:\/\/www.hetbalkonbankje.nl\/da\/wp-json\/wp\/v2\/product_cat?post=262986"},{"taxonomy":"product_tag","embeddable":true,"href":"https:\/\/www.hetbalkonbankje.nl\/da\/wp-json\/wp\/v2\/product_tag?post=262986"}],"curies":[{"name":"wp","href":"https:\/\/api.w.org\/{rel}","templated":true}]}}